{"id":20136,"date":"2025-03-27T13:31:21","date_gmt":"2025-03-27T11:31:21","guid":{"rendered":"https:\/\/mbuniforms.com.tr\/product\/mk25-002-kgn\/"},"modified":"2025-09-01T10:38:24","modified_gmt":"2025-09-01T07:38:24","slug":"mk25-002-kgn","status":"publish","type":"product","link":"https:\/\/mbuniforms.com.tr\/tr\/urun\/mk25-002-kgn\/","title":{"rendered":"T-Shirt Lacivert"},"content":{"rendered":"<p class=\"p1\"><strong>\u015eey:<\/strong> Unisex Lacivert Ti\u015f\u00f6rt, yaka ve kol kenarlar\u0131 boyunca k\u0131rm\u0131z\u0131 biyeli.<\/p>\n<p class=\"p1\"><strong>Logo:<\/strong> Dokuma Ak\u00e7aa\u011fa\u00e7 Ay\u0131 Anaokulu Rozeti<\/p>\n<p class=\"p1\"><strong>Renk:<\/strong> K\u0131rm\u0131z\u0131 kenarl\u0131 lacivert<\/p>\n<p class=\"p1\"><strong>Kuma\u015f:<\/strong> 30\/1 Jersey \u00d6rme Kuma\u015f, %100 Penye Pamuk<\/p>\n","protected":false},"excerpt":{"rendered":"<p>\u015eey: Unisex Lacivert Ti\u015f\u00f6rt, yaka ve kol kenarlar\u0131 boyunca k\u0131rm\u0131z\u0131 biyeli. Logo: Dokuma Ak\u00e7aa\u011fa\u00e7 Ay\u0131 Anaokulu Rozeti Renk: K\u0131rm\u0131z\u0131 kenarl\u0131 lacivert Kuma\u015f: 30\/1 Jersey \u00d6rme Kuma\u015f, %100 Penye Pamuk<\/p>\n","protected":false},"featured_media":20004,"template":"","meta":{"_acf_changed":false},"product_brand":[],"product_cat":[668],"product_tag":[],"class_list":{"0":"post-20136","1":"product","2":"type-product","3":"status-publish","4":"has-post-thumbnail","6":"product_cat-personel-uniformalari","8":"first","9":"instock","10":"taxable","11":"shipping-taxable","12":"purchasable","13":"product-type-variable","14":"has-default-attributes"},"acf":[],"_links":{"self":[{"href":"https:\/\/mbuniforms.com.tr\/tr\/wp-json\/wp\/v2\/product\/20136","targetHints":{"allow":["GET"]}}],"collection":[{"href":"https:\/\/mbuniforms.com.tr\/tr\/wp-json\/wp\/v2\/product"}],"about":[{"href":"https:\/\/mbuniforms.com.tr\/tr\/wp-json\/wp\/v2\/types\/product"}],"wp:featuredmedia":[{"embeddable":true,"href":"https:\/\/mbuniforms.com.tr\/tr\/wp-json\/wp\/v2\/media\/20004"}],"wp:attachment":[{"href":"https:\/\/mbuniforms.com.tr\/tr\/wp-json\/wp\/v2\/media?parent=20136"}],"wp:term":[{"taxonomy":"product_brand","embeddable":true,"href":"https:\/\/mbuniforms.com.tr\/tr\/wp-json\/wp\/v2\/product_brand?post=20136"},{"taxonomy":"product_cat","embeddable":true,"href":"https:\/\/mbuniforms.com.tr\/tr\/wp-json\/wp\/v2\/product_cat?post=20136"},{"taxonomy":"product_tag","embeddable":true,"href":"https:\/\/mbuniforms.com.tr\/tr\/wp-json\/wp\/v2\/product_tag?post=20136"}],"curies":[{"name":"wp","href":"https:\/\/api.w.org\/{rel}","templated":true}]}}