{"id":20126,"date":"2025-01-08T07:03:20","date_gmt":"2025-01-08T05:03:20","guid":{"rendered":"https:\/\/mbuniforms.com.tr\/product\/mk25-001-kgn-2\/"},"modified":"2025-09-04T12:34:55","modified_gmt":"2025-09-04T09:34:55","slug":"mk25-001-kgn-2","status":"publish","type":"product","link":"https:\/\/mbuniforms.com.tr\/tr\/urun\/mk25-001-kgn-2\/","title":{"rendered":"Polo T-Shirt Beyaz"},"content":{"rendered":"<p class=\"p1\"><strong>\u015eey:<\/strong> K\u0131rm\u0131z\u0131 yakal\u0131 ve kollu, \u00e7ift beyaz \u00e7izgili klasik Unisex Beyaz Polo Ti\u015f\u00f6rt.<\/p>\n<p class=\"p1\"><strong>Logo:<\/strong> Dokuma Ak\u00e7aa\u011fa\u00e7 Ay\u0131 Anaokulu Rozeti<\/p>\n<p class=\"p1\"><strong>Renk:<\/strong> Yaka ve kollarda k\u0131rm\u0131z\u0131 \u00e7izgili beyaz<\/p>\n<p class=\"p1\"><strong>Kuma\u015f:<\/strong> 30\/1 pike \u00f6rme kuma\u015f; %100 Penye Pamuk<\/p>\n","protected":false},"excerpt":{"rendered":"<p>\u015eey: K\u0131rm\u0131z\u0131 yakal\u0131 ve kollu, \u00e7ift beyaz \u00e7izgili klasik Unisex Beyaz Polo Ti\u015f\u00f6rt. Logo: Dokuma Ak\u00e7aa\u011fa\u00e7 Ay\u0131 Anaokulu Rozeti Renk: Yaka ve kollarda k\u0131rm\u0131z\u0131 \u00e7izgili beyaz Kuma\u015f: 30\/1 pike \u00f6rme kuma\u015f; %100 Penye Pamuk<\/p>\n","protected":false},"featured_media":19997,"template":"","meta":{"_acf_changed":false},"product_brand":[],"product_cat":[668],"product_tag":[],"class_list":{"0":"post-20126","1":"product","2":"type-product","3":"status-publish","4":"has-post-thumbnail","6":"product_cat-personel-uniformalari","8":"first","9":"instock","10":"taxable","11":"shipping-taxable","12":"purchasable","13":"product-type-variable","14":"has-default-attributes"},"acf":[],"_links":{"self":[{"href":"https:\/\/mbuniforms.com.tr\/tr\/wp-json\/wp\/v2\/product\/20126","targetHints":{"allow":["GET"]}}],"collection":[{"href":"https:\/\/mbuniforms.com.tr\/tr\/wp-json\/wp\/v2\/product"}],"about":[{"href":"https:\/\/mbuniforms.com.tr\/tr\/wp-json\/wp\/v2\/types\/product"}],"wp:featuredmedia":[{"embeddable":true,"href":"https:\/\/mbuniforms.com.tr\/tr\/wp-json\/wp\/v2\/media\/19997"}],"wp:attachment":[{"href":"https:\/\/mbuniforms.com.tr\/tr\/wp-json\/wp\/v2\/media?parent=20126"}],"wp:term":[{"taxonomy":"product_brand","embeddable":true,"href":"https:\/\/mbuniforms.com.tr\/tr\/wp-json\/wp\/v2\/product_brand?post=20126"},{"taxonomy":"product_cat","embeddable":true,"href":"https:\/\/mbuniforms.com.tr\/tr\/wp-json\/wp\/v2\/product_cat?post=20126"},{"taxonomy":"product_tag","embeddable":true,"href":"https:\/\/mbuniforms.com.tr\/tr\/wp-json\/wp\/v2\/product_tag?post=20126"}],"curies":[{"name":"wp","href":"https:\/\/api.w.org\/{rel}","templated":true}]}}