{"id":20106,"date":"2024-12-04T09:50:55","date_gmt":"2024-12-04T07:50:55","guid":{"rendered":"https:\/\/mbuniforms.com.tr\/product\/mk25-007-kgn-3\/"},"modified":"2025-09-01T10:38:25","modified_gmt":"2025-09-01T07:38:25","slug":"mk25-007-kgn-3","status":"publish","type":"product","link":"https:\/\/mbuniforms.com.tr\/tr\/urun\/mk25-007-kgn-3\/","title":{"rendered":"Hoodie"},"content":{"rendered":"<p class=\"p1\"><strong>\u015eey:<\/strong> Unisex Lacivert Kap\u00fc\u015fonlu \u00dcst, cesur k\u0131rm\u0131z\u0131 raglan kollu, cepli ve kap\u00fc\u015fonlu astarl\u0131. Tam fermuarl\u0131 ile tamamlay\u0131n, her mevsim i\u00e7in m\u00fckemmel. <\/p>\n<p class=\"p1\"><strong>Logo:<\/strong> Dokuma Ak\u00e7aa\u011fa\u00e7 Ay\u0131 Anaokulu Rozeti<\/p>\n<p class=\"p1\"><strong>Renk:<\/strong> Lacivert, k\u0131rm\u0131z\u0131 kollu, cepli ve kap\u00fc\u015fonlu astarl\u0131.<\/p>\n<p class=\"p1\"><strong>Kuma\u015f:<\/strong> \u00c7ift boyal\u0131 iki katl\u0131 polar kuma\u015f, %75 penye kuma\u015f, %20 polyester, %5 elastan<\/p>\n","protected":false},"excerpt":{"rendered":"<p>\u015eey: Unisex Lacivert Kap\u00fc\u015fonlu \u00dcst, cesur k\u0131rm\u0131z\u0131 raglan kollu, cepli ve kap\u00fc\u015fonlu astarl\u0131. Tam fermuarl\u0131 ile tamamlay\u0131n, her mevsim i\u00e7in m\u00fckemmel. Logo: Dokuma Ak\u00e7aa\u011fa\u00e7 Ay\u0131 Anaokulu Rozeti Renk: Lacivert, k\u0131rm\u0131z\u0131 kollu, cepli ve kap\u00fc\u015fonlu astarl\u0131. Kuma\u015f: \u00c7ift boyal\u0131 iki katl\u0131 polar kuma\u015f, %75 penye kuma\u015f, %20 polyester, %5 elastan<\/p>\n","protected":false},"featured_media":20034,"template":"","meta":{"_acf_changed":false},"product_brand":[],"product_cat":[668],"product_tag":[],"class_list":{"0":"post-20106","1":"product","2":"type-product","3":"status-publish","4":"has-post-thumbnail","6":"product_cat-personel-uniformalari","8":"first","9":"instock","10":"taxable","11":"shipping-taxable","12":"purchasable","13":"product-type-variable","14":"has-default-attributes"},"acf":[],"_links":{"self":[{"href":"https:\/\/mbuniforms.com.tr\/tr\/wp-json\/wp\/v2\/product\/20106","targetHints":{"allow":["GET"]}}],"collection":[{"href":"https:\/\/mbuniforms.com.tr\/tr\/wp-json\/wp\/v2\/product"}],"about":[{"href":"https:\/\/mbuniforms.com.tr\/tr\/wp-json\/wp\/v2\/types\/product"}],"wp:featuredmedia":[{"embeddable":true,"href":"https:\/\/mbuniforms.com.tr\/tr\/wp-json\/wp\/v2\/media\/20034"}],"wp:attachment":[{"href":"https:\/\/mbuniforms.com.tr\/tr\/wp-json\/wp\/v2\/media?parent=20106"}],"wp:term":[{"taxonomy":"product_brand","embeddable":true,"href":"https:\/\/mbuniforms.com.tr\/tr\/wp-json\/wp\/v2\/product_brand?post=20106"},{"taxonomy":"product_cat","embeddable":true,"href":"https:\/\/mbuniforms.com.tr\/tr\/wp-json\/wp\/v2\/product_cat?post=20106"},{"taxonomy":"product_tag","embeddable":true,"href":"https:\/\/mbuniforms.com.tr\/tr\/wp-json\/wp\/v2\/product_tag?post=20106"}],"curies":[{"name":"wp","href":"https:\/\/api.w.org\/{rel}","templated":true}]}}