{"id":20087,"date":"2025-04-04T08:54:07","date_gmt":"2025-04-04T05:54:07","guid":{"rendered":"https:\/\/mbuniforms.com.tr\/product\/mk25-003-kgn\/"},"modified":"2025-09-01T09:33:55","modified_gmt":"2025-09-01T06:33:55","slug":"mk25-003-kgn","status":"publish","type":"product","link":"https:\/\/mbuniforms.com.tr\/tr\/urun\/mk25-003-kgn\/","title":{"rendered":"T-Shirt Beyaz (Organik pamuk)"},"content":{"rendered":"<p class=\"p1\"><strong>\u015eey:<\/strong> Canl\u0131 k\u0131rm\u0131z\u0131 kollu Unisex Organik Beyaz Ti\u015f\u00f6rt. G\u00fcnl\u00fck kullan\u0131m i\u00e7in m\u00fckemmeldir. <\/p>\n<p class=\"p1\"><strong>Logo:<\/strong> Dokuma Ak\u00e7aa\u011fa\u00e7 Ay\u0131 Anaokulu Rozeti<\/p>\n<p class=\"p1\"><strong>Renk:<\/strong> Beyaz ve K\u0131rm\u0131z\u0131<\/p>\n<p class=\"p1\"><strong>Kuma\u015f:<\/strong> 30\/1 Jersey \u00d6rme Kuma\u015f, %100 Organik Pamuk.<\/p>\n","protected":false},"excerpt":{"rendered":"<p>\u015eey: Canl\u0131 k\u0131rm\u0131z\u0131 kollu Unisex Organik Beyaz Ti\u015f\u00f6rt. G\u00fcnl\u00fck kullan\u0131m i\u00e7in m\u00fckemmeldir. Logo: Dokuma Ak\u00e7aa\u011fa\u00e7 Ay\u0131 Anaokulu Rozeti Renk: Beyaz ve K\u0131rm\u0131z\u0131 Kuma\u015f: 30\/1 Jersey \u00d6rme Kuma\u015f, %100 Organik Pamuk.<\/p>\n","protected":false},"featured_media":20011,"template":"","meta":{"_acf_changed":false},"product_brand":[],"product_cat":[668],"product_tag":[],"class_list":{"0":"post-20087","1":"product","2":"type-product","3":"status-publish","4":"has-post-thumbnail","6":"product_cat-personel-uniformalari","8":"first","9":"instock","10":"taxable","11":"shipping-taxable","12":"purchasable","13":"product-type-variable","14":"has-default-attributes"},"acf":[],"_links":{"self":[{"href":"https:\/\/mbuniforms.com.tr\/tr\/wp-json\/wp\/v2\/product\/20087","targetHints":{"allow":["GET"]}}],"collection":[{"href":"https:\/\/mbuniforms.com.tr\/tr\/wp-json\/wp\/v2\/product"}],"about":[{"href":"https:\/\/mbuniforms.com.tr\/tr\/wp-json\/wp\/v2\/types\/product"}],"wp:featuredmedia":[{"embeddable":true,"href":"https:\/\/mbuniforms.com.tr\/tr\/wp-json\/wp\/v2\/media\/20011"}],"wp:attachment":[{"href":"https:\/\/mbuniforms.com.tr\/tr\/wp-json\/wp\/v2\/media?parent=20087"}],"wp:term":[{"taxonomy":"product_brand","embeddable":true,"href":"https:\/\/mbuniforms.com.tr\/tr\/wp-json\/wp\/v2\/product_brand?post=20087"},{"taxonomy":"product_cat","embeddable":true,"href":"https:\/\/mbuniforms.com.tr\/tr\/wp-json\/wp\/v2\/product_cat?post=20087"},{"taxonomy":"product_tag","embeddable":true,"href":"https:\/\/mbuniforms.com.tr\/tr\/wp-json\/wp\/v2\/product_tag?post=20087"}],"curies":[{"name":"wp","href":"https:\/\/api.w.org\/{rel}","templated":true}]}}