{"id":20086,"date":"2025-03-27T13:34:26","date_gmt":"2025-03-27T11:34:26","guid":{"rendered":"https:\/\/mbuniforms.com.tr\/product\/mk25-004-kgn\/"},"modified":"2025-09-05T11:32:18","modified_gmt":"2025-09-05T08:32:18","slug":"mk25-004-kgn","status":"publish","type":"product","link":"https:\/\/mbuniforms.com.tr\/tr\/urun\/mk25-004-kgn\/","title":{"rendered":"T-shirt K\u0131rm\u0131z\u0131 (Organik pamuk)"},"content":{"rendered":"<p><strong>Detaylar: <\/strong>Unisex K\u0131rm\u0131z\u0131 Ti\u015f\u00f6rt, kollarda ve yakada<\/p>\n<p>beyaz s\u00fcsleme<strong>Logo: <\/strong>\u0130\u015flemeli MB Okullar\u0131 Anaokulu Armas\u0131<\/p>\n<p><strong>Renk: <\/strong>K\u0131rm\u0131z\u0131<\/p>\n<p><strong>Kuma\u015f: <\/strong>30\/1 Suprem \u00d6rg\u00fc Kuma\u015f, %100 Organik Pamuk<\/p>\n","protected":false},"excerpt":{"rendered":"<p>Detaylar: Unisex K\u0131rm\u0131z\u0131 Ti\u015f\u00f6rt, kollarda ve yakada beyaz s\u00fcslemeLogo: \u0130\u015flemeli MB Okullar\u0131 Anaokulu Armas\u0131 Renk: K\u0131rm\u0131z\u0131 Kuma\u015f: 30\/1 Suprem \u00d6rg\u00fc Kuma\u015f, %100 Organik Pamuk<\/p>\n","protected":false},"featured_media":20018,"template":"","meta":{"_acf_changed":false},"product_brand":[],"product_cat":[668],"product_tag":[],"class_list":{"0":"post-20086","1":"product","2":"type-product","3":"status-publish","4":"has-post-thumbnail","6":"product_cat-personel-uniformalari","8":"first","9":"instock","10":"taxable","11":"shipping-taxable","12":"purchasable","13":"product-type-variable","14":"has-default-attributes"},"acf":[],"_links":{"self":[{"href":"https:\/\/mbuniforms.com.tr\/tr\/wp-json\/wp\/v2\/product\/20086","targetHints":{"allow":["GET"]}}],"collection":[{"href":"https:\/\/mbuniforms.com.tr\/tr\/wp-json\/wp\/v2\/product"}],"about":[{"href":"https:\/\/mbuniforms.com.tr\/tr\/wp-json\/wp\/v2\/types\/product"}],"wp:featuredmedia":[{"embeddable":true,"href":"https:\/\/mbuniforms.com.tr\/tr\/wp-json\/wp\/v2\/media\/20018"}],"wp:attachment":[{"href":"https:\/\/mbuniforms.com.tr\/tr\/wp-json\/wp\/v2\/media?parent=20086"}],"wp:term":[{"taxonomy":"product_brand","embeddable":true,"href":"https:\/\/mbuniforms.com.tr\/tr\/wp-json\/wp\/v2\/product_brand?post=20086"},{"taxonomy":"product_cat","embeddable":true,"href":"https:\/\/mbuniforms.com.tr\/tr\/wp-json\/wp\/v2\/product_cat?post=20086"},{"taxonomy":"product_tag","embeddable":true,"href":"https:\/\/mbuniforms.com.tr\/tr\/wp-json\/wp\/v2\/product_tag?post=20086"}],"curies":[{"name":"wp","href":"https:\/\/api.w.org\/{rel}","templated":true}]}}