{"id":19721,"date":"2025-08-27T10:59:01","date_gmt":"2025-08-27T07:59:01","guid":{"rendered":"https:\/\/mbuniforms.com.tr\/product\/welcome-to-maple-bear-uniform-set-girl\/"},"modified":"2025-09-18T09:21:41","modified_gmt":"2025-09-18T06:21:41","slug":"welcome-to-maple-bear-uniform-set-girl","status":"publish","type":"product","link":"https:\/\/mbuniforms.com.tr\/tr\/urun\/welcome-to-maple-bear-uniform-set-girl\/","title":{"rendered":"MB Okullar\u0131 Ho\u015f Geldin \u00dcniforma Seti &#8211; K\u0131z"},"content":{"rendered":"","protected":false},"excerpt":{"rendered":"","protected":false},"featured_media":19717,"template":"","meta":{"_acf_changed":false},"product_brand":[],"product_cat":[636],"product_tag":[],"class_list":{"0":"post-19721","1":"product","2":"type-product","3":"status-publish","4":"has-post-thumbnail","6":"product_cat-anaokulu","8":"first","9":"instock","10":"taxable","11":"shipping-taxable","12":"purchasable","13":"product-type-woosb"},"acf":[],"_links":{"self":[{"href":"https:\/\/mbuniforms.com.tr\/tr\/wp-json\/wp\/v2\/product\/19721","targetHints":{"allow":["GET"]}}],"collection":[{"href":"https:\/\/mbuniforms.com.tr\/tr\/wp-json\/wp\/v2\/product"}],"about":[{"href":"https:\/\/mbuniforms.com.tr\/tr\/wp-json\/wp\/v2\/types\/product"}],"wp:featuredmedia":[{"embeddable":true,"href":"https:\/\/mbuniforms.com.tr\/tr\/wp-json\/wp\/v2\/media\/19717"}],"wp:attachment":[{"href":"https:\/\/mbuniforms.com.tr\/tr\/wp-json\/wp\/v2\/media?parent=19721"}],"wp:term":[{"taxonomy":"product_brand","embeddable":true,"href":"https:\/\/mbuniforms.com.tr\/tr\/wp-json\/wp\/v2\/product_brand?post=19721"},{"taxonomy":"product_cat","embeddable":true,"href":"https:\/\/mbuniforms.com.tr\/tr\/wp-json\/wp\/v2\/product_cat?post=19721"},{"taxonomy":"product_tag","embeddable":true,"href":"https:\/\/mbuniforms.com.tr\/tr\/wp-json\/wp\/v2\/product_tag?post=19721"}],"curies":[{"name":"wp","href":"https:\/\/api.w.org\/{rel}","templated":true}]}}