{"id":19640,"date":"2024-10-04T12:11:38","date_gmt":"2024-10-04T12:11:38","guid":{"rendered":"https:\/\/mbuniforms.com.tr\/product\/tr-mk25-002\/"},"modified":"2026-02-06T14:49:31","modified_gmt":"2026-02-06T11:49:31","slug":"tr-mk25-002","status":"publish","type":"product","link":"https:\/\/mbuniforms.com.tr\/tr\/urun\/tr-mk25-002\/","title":{"rendered":"T-Shirt Lacivert"},"content":{"rendered":"<p class=\"p1\"><strong>Detaylar:<\/strong> Unisex Lacivert Ti\u015f\u00f6rt, yaka ve kol kenarlar\u0131 boyunca k\u0131rm\u0131z\u0131 biyeli.<\/p>\n<p class=\"p1\"><strong>Logo:<\/strong> Dokuma MB kullar\u0131 Anaokulu Arma<\/p>\n<p class=\"p1\"><strong>Renk:<\/strong> K\u0131rm\u0131z\u0131 kenarl\u0131 lacivert<\/p>\n<p class=\"p1\"><strong>Kuma\u015f:<\/strong> 30\/1 Suprem \u00d6rme Kuma\u015f, %100 Penye Pamuk<\/p>\n","protected":false},"excerpt":{"rendered":"<p>Detaylar: Unisex Lacivert Ti\u015f\u00f6rt, yaka ve kol kenarlar\u0131 boyunca k\u0131rm\u0131z\u0131 biyeli. Logo: Dokuma MB kullar\u0131 Anaokulu Arma Renk: K\u0131rm\u0131z\u0131 kenarl\u0131 lacivert Kuma\u015f: 30\/1 Suprem \u00d6rme Kuma\u015f, %100 Penye Pamuk<\/p>\n","protected":false},"featured_media":20004,"template":"","meta":{"_acf_changed":false},"product_brand":[],"product_cat":[636],"product_tag":[],"class_list":{"0":"post-19640","1":"product","2":"type-product","3":"status-publish","4":"has-post-thumbnail","6":"product_cat-anaokulu","8":"first","9":"instock","10":"taxable","11":"shipping-taxable","12":"purchasable","13":"product-type-variable","14":"has-default-attributes"},"acf":[],"_links":{"self":[{"href":"https:\/\/mbuniforms.com.tr\/tr\/wp-json\/wp\/v2\/product\/19640","targetHints":{"allow":["GET"]}}],"collection":[{"href":"https:\/\/mbuniforms.com.tr\/tr\/wp-json\/wp\/v2\/product"}],"about":[{"href":"https:\/\/mbuniforms.com.tr\/tr\/wp-json\/wp\/v2\/types\/product"}],"wp:featuredmedia":[{"embeddable":true,"href":"https:\/\/mbuniforms.com.tr\/tr\/wp-json\/wp\/v2\/media\/20004"}],"wp:attachment":[{"href":"https:\/\/mbuniforms.com.tr\/tr\/wp-json\/wp\/v2\/media?parent=19640"}],"wp:term":[{"taxonomy":"product_brand","embeddable":true,"href":"https:\/\/mbuniforms.com.tr\/tr\/wp-json\/wp\/v2\/product_brand?post=19640"},{"taxonomy":"product_cat","embeddable":true,"href":"https:\/\/mbuniforms.com.tr\/tr\/wp-json\/wp\/v2\/product_cat?post=19640"},{"taxonomy":"product_tag","embeddable":true,"href":"https:\/\/mbuniforms.com.tr\/tr\/wp-json\/wp\/v2\/product_tag?post=19640"}],"curies":[{"name":"wp","href":"https:\/\/api.w.org\/{rel}","templated":true}]}}