{"id":19639,"date":"2024-10-04T12:23:45","date_gmt":"2024-10-04T12:23:45","guid":{"rendered":"https:\/\/mbuniforms.com.tr\/product\/mk25-011\/"},"modified":"2026-02-06T14:49:32","modified_gmt":"2026-02-06T11:49:32","slug":"mk25-011","status":"publish","type":"product","link":"https:\/\/mbuniforms.com.tr\/tr\/urun\/mk25-011\/","title":{"rendered":"\u015eort"},"content":{"rendered":"<p class=\"p1\"><strong>Ayr\u0131nt\u0131lar:<\/strong> Diz hizas\u0131nda kesime sahip Lacivert Erkek \u00c7ocuk \u015eortu. Yaz sezonu i\u00e7in idealdir. <\/p>\n<p class=\"p1\"><strong>Logo:<\/strong> Dokuma Ak\u00e7aa\u011fa\u00e7 Ay\u0131 Anaokulu Rozeti<\/p>\n<p class=\"p1\"><strong>Renk: Lacivert<\/strong> <\/p>\n<p class=\"p1\"><strong>Kuma\u015f:<\/strong> 30\/1 Pike \u00d6rme Kuma\u015f, %100 Penye Pamuk<\/p>\n","protected":false},"excerpt":{"rendered":"<p>Ayr\u0131nt\u0131lar: Diz hizas\u0131nda kesime sahip Lacivert Erkek \u00c7ocuk \u015eortu. Yaz sezonu i\u00e7in idealdir. Logo: Dokuma Ak\u00e7aa\u011fa\u00e7 Ay\u0131 Anaokulu Rozeti Renk: Lacivert Kuma\u015f: 30\/1 Pike \u00d6rme Kuma\u015f, %100 Penye Pamuk<\/p>\n","protected":false},"featured_media":20063,"template":"","meta":{"_acf_changed":false},"product_brand":[],"product_cat":[636],"product_tag":[],"class_list":{"0":"post-19639","1":"product","2":"type-product","3":"status-publish","4":"has-post-thumbnail","6":"product_cat-anaokulu","8":"first","9":"instock","10":"taxable","11":"shipping-taxable","12":"purchasable","13":"product-type-variable","14":"has-default-attributes"},"acf":[],"_links":{"self":[{"href":"https:\/\/mbuniforms.com.tr\/tr\/wp-json\/wp\/v2\/product\/19639","targetHints":{"allow":["GET"]}}],"collection":[{"href":"https:\/\/mbuniforms.com.tr\/tr\/wp-json\/wp\/v2\/product"}],"about":[{"href":"https:\/\/mbuniforms.com.tr\/tr\/wp-json\/wp\/v2\/types\/product"}],"wp:featuredmedia":[{"embeddable":true,"href":"https:\/\/mbuniforms.com.tr\/tr\/wp-json\/wp\/v2\/media\/20063"}],"wp:attachment":[{"href":"https:\/\/mbuniforms.com.tr\/tr\/wp-json\/wp\/v2\/media?parent=19639"}],"wp:term":[{"taxonomy":"product_brand","embeddable":true,"href":"https:\/\/mbuniforms.com.tr\/tr\/wp-json\/wp\/v2\/product_brand?post=19639"},{"taxonomy":"product_cat","embeddable":true,"href":"https:\/\/mbuniforms.com.tr\/tr\/wp-json\/wp\/v2\/product_cat?post=19639"},{"taxonomy":"product_tag","embeddable":true,"href":"https:\/\/mbuniforms.com.tr\/tr\/wp-json\/wp\/v2\/product_tag?post=19639"}],"curies":[{"name":"wp","href":"https:\/\/api.w.org\/{rel}","templated":true}]}}