{"id":19628,"date":"2024-10-04T12:16:06","date_gmt":"2024-10-04T12:16:06","guid":{"rendered":"https:\/\/mbuniforms.com.tr\/product\/mk25-005\/"},"modified":"2026-01-11T23:01:34","modified_gmt":"2026-01-11T20:01:34","slug":"mk25-005","status":"publish","type":"product","link":"https:\/\/mbuniforms.com.tr\/tr\/urun\/mk25-005\/","title":{"rendered":"Elbise"},"content":{"rendered":"<p class=\"p1\"><strong>Detaylar:<\/strong> K\u0131rm\u0131z\u0131 Polo Piqu\u00e9 Elbise, k\u0131sa kollu ve fit &amp; flare siluetine sahiptir. Diz \u00fcst\u00fc uzunlukta tasarlanm\u0131\u015ft\u0131r. <\/p>\n<p class=\"p1\"><strong>Logo:<\/strong> Dokuma Ak\u00e7aa\u011fa\u00e7 Ay\u0131 Anaokulu Rozeti<\/p>\n<p class=\"p1\"><strong>Renk:<\/strong> K\u0131rm\u0131z\u0131<\/p>\n<p class=\"p1\"><strong>Kuma\u015f:<\/strong> 30\/1 Piqu\u00e9 \u00d6rg\u00fc Kuma\u015f, %100 Penye Pamuk<\/p>\n","protected":false},"excerpt":{"rendered":"<p>Detaylar: K\u0131rm\u0131z\u0131 Polo Piqu\u00e9 Elbise, k\u0131sa kollu ve fit &amp; flare siluetine sahiptir. Diz \u00fcst\u00fc uzunlukta tasarlanm\u0131\u015ft\u0131r. Logo: Dokuma Ak\u00e7aa\u011fa\u00e7 Ay\u0131 Anaokulu Rozeti Renk: K\u0131rm\u0131z\u0131 Kuma\u015f: 30\/1 Piqu\u00e9 \u00d6rg\u00fc Kuma\u015f, %100 Penye Pamuk<\/p>\n","protected":false},"featured_media":20025,"template":"","meta":{"_acf_changed":false},"product_brand":[],"product_cat":[636],"product_tag":[],"class_list":{"0":"post-19628","1":"product","2":"type-product","3":"status-publish","4":"has-post-thumbnail","6":"product_cat-anaokulu","8":"first","9":"instock","10":"taxable","11":"shipping-taxable","12":"purchasable","13":"product-type-variable","14":"has-default-attributes"},"acf":[],"_links":{"self":[{"href":"https:\/\/mbuniforms.com.tr\/tr\/wp-json\/wp\/v2\/product\/19628","targetHints":{"allow":["GET"]}}],"collection":[{"href":"https:\/\/mbuniforms.com.tr\/tr\/wp-json\/wp\/v2\/product"}],"about":[{"href":"https:\/\/mbuniforms.com.tr\/tr\/wp-json\/wp\/v2\/types\/product"}],"wp:featuredmedia":[{"embeddable":true,"href":"https:\/\/mbuniforms.com.tr\/tr\/wp-json\/wp\/v2\/media\/20025"}],"wp:attachment":[{"href":"https:\/\/mbuniforms.com.tr\/tr\/wp-json\/wp\/v2\/media?parent=19628"}],"wp:term":[{"taxonomy":"product_brand","embeddable":true,"href":"https:\/\/mbuniforms.com.tr\/tr\/wp-json\/wp\/v2\/product_brand?post=19628"},{"taxonomy":"product_cat","embeddable":true,"href":"https:\/\/mbuniforms.com.tr\/tr\/wp-json\/wp\/v2\/product_cat?post=19628"},{"taxonomy":"product_tag","embeddable":true,"href":"https:\/\/mbuniforms.com.tr\/tr\/wp-json\/wp\/v2\/product_tag?post=19628"}],"curies":[{"name":"wp","href":"https:\/\/api.w.org\/{rel}","templated":true}]}}