{"id":19607,"date":"2024-10-04T12:20:00","date_gmt":"2024-10-04T12:20:00","guid":{"rendered":"https:\/\/mbuniforms.com.tr\/product\/mk25-008\/"},"modified":"2026-03-06T01:23:48","modified_gmt":"2026-03-05T22:23:48","slug":"mk25-008","status":"publish","type":"product","link":"https:\/\/mbuniforms.com.tr\/tr\/urun\/mk25-008\/","title":{"rendered":"E\u015fofman Alt"},"content":{"rendered":"<p class=\"p1\"><strong>Ayr\u0131nt\u0131lar:<\/strong> Unisex Lacivert Spor Pantolon, rahat bir uyum i\u00e7in ayak bileklerinde nerv\u00fcrl\u00fc man\u015fetlere sahiptir ve her mevsim i\u00e7in uygundur.<\/p>\n<p class=\"p1\"><strong>Logo:<\/strong> Dokuma MB Okullar\u0131 Anaokulu Arma<\/p>\n<p class=\"p1\"><strong>Renk: Lacivert<\/strong> <\/p>\n<p class=\"p1\"><strong>Kuma\u015f:<\/strong> \u00c7ift boyal\u0131 iki iplik kuma\u015f, %75 penye kuma\u015f, %20 polyester, %5 elastan<\/p>\n","protected":false},"excerpt":{"rendered":"<p>Ayr\u0131nt\u0131lar: Unisex Lacivert Spor Pantolon, rahat bir uyum i\u00e7in ayak bileklerinde nerv\u00fcrl\u00fc man\u015fetlere sahiptir ve her mevsim i\u00e7in uygundur. Logo: Dokuma MB Okullar\u0131 Anaokulu Arma Renk: Lacivert Kuma\u015f: \u00c7ift boyal\u0131 iki iplik kuma\u015f, %75 penye kuma\u015f, %20 polyester, %5 elastan<\/p>\n","protected":false},"featured_media":20041,"template":"","meta":{"_acf_changed":false},"product_brand":[],"product_cat":[636],"product_tag":[],"class_list":{"0":"post-19607","1":"product","2":"type-product","3":"status-publish","4":"has-post-thumbnail","6":"product_cat-anaokulu","8":"first","9":"instock","10":"taxable","11":"shipping-taxable","12":"purchasable","13":"product-type-variable","14":"has-default-attributes"},"acf":[],"_links":{"self":[{"href":"https:\/\/mbuniforms.com.tr\/tr\/wp-json\/wp\/v2\/product\/19607","targetHints":{"allow":["GET"]}}],"collection":[{"href":"https:\/\/mbuniforms.com.tr\/tr\/wp-json\/wp\/v2\/product"}],"about":[{"href":"https:\/\/mbuniforms.com.tr\/tr\/wp-json\/wp\/v2\/types\/product"}],"wp:featuredmedia":[{"embeddable":true,"href":"https:\/\/mbuniforms.com.tr\/tr\/wp-json\/wp\/v2\/media\/20041"}],"wp:attachment":[{"href":"https:\/\/mbuniforms.com.tr\/tr\/wp-json\/wp\/v2\/media?parent=19607"}],"wp:term":[{"taxonomy":"product_brand","embeddable":true,"href":"https:\/\/mbuniforms.com.tr\/tr\/wp-json\/wp\/v2\/product_brand?post=19607"},{"taxonomy":"product_cat","embeddable":true,"href":"https:\/\/mbuniforms.com.tr\/tr\/wp-json\/wp\/v2\/product_cat?post=19607"},{"taxonomy":"product_tag","embeddable":true,"href":"https:\/\/mbuniforms.com.tr\/tr\/wp-json\/wp\/v2\/product_tag?post=19607"}],"curies":[{"name":"wp","href":"https:\/\/api.w.org\/{rel}","templated":true}]}}