{"id":19563,"date":"2024-10-04T12:29:27","date_gmt":"2024-10-04T12:29:27","guid":{"rendered":"https:\/\/mbuniforms.com.tr\/product\/mk25-016\/"},"modified":"2026-03-06T01:23:48","modified_gmt":"2026-03-05T22:23:48","slug":"mk25-016","status":"publish","type":"product","link":"https:\/\/mbuniforms.com.tr\/tr\/urun\/mk25-016\/","title":{"rendered":"Sweatshirt"},"content":{"rendered":"<p class=\"p1\"><strong>Detaylar:<\/strong> Unisex K\u0131rm\u0131z\u0131 Sweatshirt, en \u00fcst d\u00fczeyde rahatl\u0131k i\u00e7in yumu\u015fak yaka, man\u015fetler ve etek ucu ile tasarlanm\u0131\u015ft\u0131r. Sweatshirt&#8217;\u00fcn arkas\u0131nda bask\u0131l\u0131 beyaz bir MB Okullar\u0131 yapra\u011f\u0131 bulunur. <\/p>\n<p class=\"p1\"><strong>Logo:<\/strong> Dokuma MB Okullar\u0131 Anaokulu Armas\u0131<\/p>\n<p class=\"p1\"><strong>Renk:<\/strong> K\u0131rm\u0131z\u0131<\/p>\n<p class=\"p1\"><strong>Kuma\u015f:<\/strong> \u00c7ift Boyal\u0131 \u00dc\u00e7 Katl\u0131 Polar Kuma\u015f %70 Penye Pamuk, %30 Polyester<\/p>\n","protected":false},"excerpt":{"rendered":"<p>Detaylar: Unisex K\u0131rm\u0131z\u0131 Sweatshirt, en \u00fcst d\u00fczeyde rahatl\u0131k i\u00e7in yumu\u015fak yaka, man\u015fetler ve etek ucu ile tasarlanm\u0131\u015ft\u0131r. Sweatshirt&#8217;\u00fcn arkas\u0131nda bask\u0131l\u0131 beyaz bir MB Okullar\u0131 yapra\u011f\u0131 bulunur. Logo: Dokuma MB Okullar\u0131 Anaokulu Armas\u0131 Renk: K\u0131rm\u0131z\u0131 Kuma\u015f: \u00c7ift Boyal\u0131 \u00dc\u00e7 Katl\u0131 Polar Kuma\u015f %70 Penye Pamuk, %30 Polyester<\/p>\n","protected":false},"featured_media":20079,"template":"","meta":{"_acf_changed":false},"product_brand":[],"product_cat":[636],"product_tag":[],"class_list":{"0":"post-19563","1":"product","2":"type-product","3":"status-publish","4":"has-post-thumbnail","6":"product_cat-anaokulu","8":"first","9":"instock","10":"taxable","11":"shipping-taxable","12":"purchasable","13":"product-type-variable","14":"has-default-attributes"},"acf":[],"_links":{"self":[{"href":"https:\/\/mbuniforms.com.tr\/tr\/wp-json\/wp\/v2\/product\/19563","targetHints":{"allow":["GET"]}}],"collection":[{"href":"https:\/\/mbuniforms.com.tr\/tr\/wp-json\/wp\/v2\/product"}],"about":[{"href":"https:\/\/mbuniforms.com.tr\/tr\/wp-json\/wp\/v2\/types\/product"}],"wp:featuredmedia":[{"embeddable":true,"href":"https:\/\/mbuniforms.com.tr\/tr\/wp-json\/wp\/v2\/media\/20079"}],"wp:attachment":[{"href":"https:\/\/mbuniforms.com.tr\/tr\/wp-json\/wp\/v2\/media?parent=19563"}],"wp:term":[{"taxonomy":"product_brand","embeddable":true,"href":"https:\/\/mbuniforms.com.tr\/tr\/wp-json\/wp\/v2\/product_brand?post=19563"},{"taxonomy":"product_cat","embeddable":true,"href":"https:\/\/mbuniforms.com.tr\/tr\/wp-json\/wp\/v2\/product_cat?post=19563"},{"taxonomy":"product_tag","embeddable":true,"href":"https:\/\/mbuniforms.com.tr\/tr\/wp-json\/wp\/v2\/product_tag?post=19563"}],"curies":[{"name":"wp","href":"https:\/\/api.w.org\/{rel}","templated":true}]}}