{"id":19561,"date":"2024-10-04T12:21:16","date_gmt":"2024-10-04T12:21:16","guid":{"rendered":"https:\/\/mbuniforms.com.tr\/product\/mk25-009\/"},"modified":"2025-09-17T19:58:42","modified_gmt":"2025-09-17T16:58:42","slug":"mk25-009","status":"publish","type":"product","link":"https:\/\/mbuniforms.com.tr\/tr\/urun\/mk25-009\/","title":{"rendered":"Polar Yelek"},"content":{"rendered":"<p class=\"p1\"><strong>Detay\u015far:<\/strong> Unisex A\u00e7\u0131k Gri Polar kuma\u015ftan yele\u011fi, kolsuz tasar\u0131ml\u0131 ve arkas\u0131nda belirgin MB Okullar\u0131 bask\u0131l\u0131. So\u011fuk havalarda katmanlama i\u00e7in idealdir. <\/p>\n<p class=\"p1\"><strong>Logo:<\/strong> Dokuma Ak\u00e7aa\u011fa\u00e7 Ay\u0131 Anaokulu Rozeti<\/p>\n<p class=\"p1\"><strong>Renk:<\/strong> A\u00e7\u0131k Gri Melanj<\/p>\n<p class=\"p1\"><strong>Kuma\u015f:<\/strong> Polar polar kuma\u015f, %100 polyester<\/p>\n","protected":false},"excerpt":{"rendered":"<p>Detay\u015far: Unisex A\u00e7\u0131k Gri Polar kuma\u015ftan yele\u011fi, kolsuz tasar\u0131ml\u0131 ve arkas\u0131nda belirgin MB Okullar\u0131 bask\u0131l\u0131. So\u011fuk havalarda katmanlama i\u00e7in idealdir. Logo: Dokuma Ak\u00e7aa\u011fa\u00e7 Ay\u0131 Anaokulu Rozeti Renk: A\u00e7\u0131k Gri Melanj Kuma\u015f: Polar polar kuma\u015f, %100 polyester<\/p>\n","protected":false},"featured_media":20048,"template":"","meta":{"_acf_changed":false},"product_brand":[],"product_cat":[636],"product_tag":[],"class_list":{"0":"post-19561","1":"product","2":"type-product","3":"status-publish","4":"has-post-thumbnail","6":"product_cat-anaokulu","8":"first","9":"instock","10":"taxable","11":"shipping-taxable","12":"purchasable","13":"product-type-variable","14":"has-default-attributes"},"acf":[],"_links":{"self":[{"href":"https:\/\/mbuniforms.com.tr\/tr\/wp-json\/wp\/v2\/product\/19561","targetHints":{"allow":["GET"]}}],"collection":[{"href":"https:\/\/mbuniforms.com.tr\/tr\/wp-json\/wp\/v2\/product"}],"about":[{"href":"https:\/\/mbuniforms.com.tr\/tr\/wp-json\/wp\/v2\/types\/product"}],"wp:featuredmedia":[{"embeddable":true,"href":"https:\/\/mbuniforms.com.tr\/tr\/wp-json\/wp\/v2\/media\/20048"}],"wp:attachment":[{"href":"https:\/\/mbuniforms.com.tr\/tr\/wp-json\/wp\/v2\/media?parent=19561"}],"wp:term":[{"taxonomy":"product_brand","embeddable":true,"href":"https:\/\/mbuniforms.com.tr\/tr\/wp-json\/wp\/v2\/product_brand?post=19561"},{"taxonomy":"product_cat","embeddable":true,"href":"https:\/\/mbuniforms.com.tr\/tr\/wp-json\/wp\/v2\/product_cat?post=19561"},{"taxonomy":"product_tag","embeddable":true,"href":"https:\/\/mbuniforms.com.tr\/tr\/wp-json\/wp\/v2\/product_tag?post=19561"}],"curies":[{"name":"wp","href":"https:\/\/api.w.org\/{rel}","templated":true}]}}