{"id":19543,"date":"2024-10-30T11:49:01","date_gmt":"2024-10-30T11:49:01","guid":{"rendered":"https:\/\/mbuniforms.com.tr\/product\/mk25-015\/"},"modified":"2025-09-01T09:32:59","modified_gmt":"2025-09-01T06:32:59","slug":"mk25-015","status":"publish","type":"product","link":"https:\/\/mbuniforms.com.tr\/tr\/urun\/mk25-015\/","title":{"rendered":"Pantolon"},"content":{"rendered":"<p class=\"p1\"><strong>Ayr\u0131nt\u0131lar:<\/strong> Rahat bir uyum i\u00e7in bilekten lastikli man\u015fetlere ve i\u00e7ten d\u00fc\u011fmeli ayarlanabilir bele sahip Gri Erkek \u00c7ocuk Pantolonu.<\/p>\n<p class=\"p1\"><strong>Logo:<\/strong> Sol Cepte \u0130\u015flemeli Ak\u00e7aa\u011fa\u00e7 Yapra\u011f\u0131<\/p>\n<p class=\"p1\"><strong>Renk: Koyu<\/strong> Gri<\/p>\n<p class=\"p1\"><strong>Kuma\u015f:<\/strong> Kanvas \u00d6rme Kuma\u015f, %60 Penye Pamuk, %37 Polyester, %3 Elastan<\/p>\n","protected":false},"excerpt":{"rendered":"<p>Ayr\u0131nt\u0131lar: Rahat bir uyum i\u00e7in bilekten lastikli man\u015fetlere ve i\u00e7ten d\u00fc\u011fmeli ayarlanabilir bele sahip Gri Erkek \u00c7ocuk Pantolonu. Logo: Sol Cepte \u0130\u015flemeli Ak\u00e7aa\u011fa\u00e7 Yapra\u011f\u0131 Renk: Koyu Gri Kuma\u015f: Kanvas \u00d6rme Kuma\u015f, %60 Penye Pamuk, %37 Polyester, %3 Elastan<\/p>\n","protected":false},"featured_media":19558,"template":"","meta":{"_acf_changed":false},"product_brand":[],"product_cat":[636],"product_tag":[],"class_list":{"0":"post-19543","1":"product","2":"type-product","3":"status-publish","4":"has-post-thumbnail","6":"product_cat-anaokulu","8":"first","9":"instock","10":"taxable","11":"shipping-taxable","12":"purchasable","13":"product-type-variable"},"acf":[],"_links":{"self":[{"href":"https:\/\/mbuniforms.com.tr\/tr\/wp-json\/wp\/v2\/product\/19543","targetHints":{"allow":["GET"]}}],"collection":[{"href":"https:\/\/mbuniforms.com.tr\/tr\/wp-json\/wp\/v2\/product"}],"about":[{"href":"https:\/\/mbuniforms.com.tr\/tr\/wp-json\/wp\/v2\/types\/product"}],"wp:featuredmedia":[{"embeddable":true,"href":"https:\/\/mbuniforms.com.tr\/tr\/wp-json\/wp\/v2\/media\/19558"}],"wp:attachment":[{"href":"https:\/\/mbuniforms.com.tr\/tr\/wp-json\/wp\/v2\/media?parent=19543"}],"wp:term":[{"taxonomy":"product_brand","embeddable":true,"href":"https:\/\/mbuniforms.com.tr\/tr\/wp-json\/wp\/v2\/product_brand?post=19543"},{"taxonomy":"product_cat","embeddable":true,"href":"https:\/\/mbuniforms.com.tr\/tr\/wp-json\/wp\/v2\/product_cat?post=19543"},{"taxonomy":"product_tag","embeddable":true,"href":"https:\/\/mbuniforms.com.tr\/tr\/wp-json\/wp\/v2\/product_tag?post=19543"}],"curies":[{"name":"wp","href":"https:\/\/api.w.org\/{rel}","templated":true}]}}