{"id":19534,"date":"2024-10-04T12:22:26","date_gmt":"2024-10-04T12:22:26","guid":{"rendered":"https:\/\/mbuniforms.com.tr\/product\/mk25-010\/"},"modified":"2025-12-02T17:54:26","modified_gmt":"2025-12-02T14:54:26","slug":"mk25-010","status":"publish","type":"product","link":"https:\/\/mbuniforms.com.tr\/tr\/urun\/mk25-010\/","title":{"rendered":"Uzun Tayt"},"content":{"rendered":"<p class=\"p1\"><strong>Ayr\u0131nt\u0131lar:<\/strong> Rahatl\u0131k ve esneklik i\u00e7in tasarlanm\u0131\u015f, ayak bile\u011fine kadar uzanan Lacivert Tayt. G\u00fcnl\u00fck kullan\u0131m i\u00e7in idealdir. <\/p>\n<p class=\"p1\"><strong>Logo:<\/strong> Dokuma MB kullar\u0131 Anaokulu Arma<\/p>\n<p class=\"p1\"><strong>Renk: Lacivert<\/strong> <\/p>\n<p class=\"p1\"><strong>Kuma\u015f:<\/strong> 30\/1 Jersey Kuma\u015f, %95 Penye Pamuk, %5 Elastan<\/p>\n","protected":false},"excerpt":{"rendered":"<p>Ayr\u0131nt\u0131lar: Rahatl\u0131k ve esneklik i\u00e7in tasarlanm\u0131\u015f, ayak bile\u011fine kadar uzanan Lacivert Tayt. G\u00fcnl\u00fck kullan\u0131m i\u00e7in idealdir. Logo: Dokuma MB kullar\u0131 Anaokulu Arma Renk: Lacivert Kuma\u015f: 30\/1 Jersey Kuma\u015f, %95 Penye Pamuk, %5 Elastan<\/p>\n","protected":false},"featured_media":20056,"template":"","meta":{"_acf_changed":false},"product_brand":[],"product_cat":[636],"product_tag":[],"class_list":{"0":"post-19534","1":"product","2":"type-product","3":"status-publish","4":"has-post-thumbnail","6":"product_cat-anaokulu","8":"first","9":"instock","10":"taxable","11":"shipping-taxable","12":"purchasable","13":"product-type-variable","14":"has-default-attributes"},"acf":[],"_links":{"self":[{"href":"https:\/\/mbuniforms.com.tr\/tr\/wp-json\/wp\/v2\/product\/19534","targetHints":{"allow":["GET"]}}],"collection":[{"href":"https:\/\/mbuniforms.com.tr\/tr\/wp-json\/wp\/v2\/product"}],"about":[{"href":"https:\/\/mbuniforms.com.tr\/tr\/wp-json\/wp\/v2\/types\/product"}],"wp:featuredmedia":[{"embeddable":true,"href":"https:\/\/mbuniforms.com.tr\/tr\/wp-json\/wp\/v2\/media\/20056"}],"wp:attachment":[{"href":"https:\/\/mbuniforms.com.tr\/tr\/wp-json\/wp\/v2\/media?parent=19534"}],"wp:term":[{"taxonomy":"product_brand","embeddable":true,"href":"https:\/\/mbuniforms.com.tr\/tr\/wp-json\/wp\/v2\/product_brand?post=19534"},{"taxonomy":"product_cat","embeddable":true,"href":"https:\/\/mbuniforms.com.tr\/tr\/wp-json\/wp\/v2\/product_cat?post=19534"},{"taxonomy":"product_tag","embeddable":true,"href":"https:\/\/mbuniforms.com.tr\/tr\/wp-json\/wp\/v2\/product_tag?post=19534"}],"curies":[{"name":"wp","href":"https:\/\/api.w.org\/{rel}","templated":true}]}}