{"id":19523,"date":"2025-08-15T16:01:28","date_gmt":"2025-08-15T13:01:28","guid":{"rendered":"https:\/\/mbuniforms.com.tr\/product\/sweatshirt-with-plush-bear\/"},"modified":"2026-02-06T14:49:31","modified_gmt":"2026-02-06T11:49:31","slug":"sweatshirt-with-plush-bear","status":"publish","type":"product","link":"https:\/\/mbuniforms.com.tr\/tr\/urun\/sweatshirt-with-plush-bear\/","title":{"rendered":"Sweatshirt &#8211; Pelu\u015f Ay\u0131l\u0131"},"content":{"rendered":"<p><strong>Detaylar:<\/strong> Kanada bayra\u011f\u0131n\u0131 tutan Pelu\u015f Ay\u0131 ile Unisex K\u0131rm\u0131z\u0131 Sweatshirt.<\/p>\n<p><strong>Renk:<\/strong> K\u0131rm\u0131z\u0131<\/p>\n<p><strong>Kuma\u015f:<\/strong> \u00c7ift boyal\u0131 \u00fc\u00e7 katl\u0131 polar kuma\u015f %70 penye pamuk, %30 polyester<\/p>\n","protected":false},"excerpt":{"rendered":"<p>Detaylar: Kanada bayra\u011f\u0131n\u0131 tutan Pelu\u015f Ay\u0131 ile Unisex K\u0131rm\u0131z\u0131 Sweatshirt. Renk: K\u0131rm\u0131z\u0131 Kuma\u015f: \u00c7ift boyal\u0131 \u00fc\u00e7 katl\u0131 polar kuma\u015f %70 penye pamuk, %30 polyester<\/p>\n","protected":false},"featured_media":20384,"template":"","meta":{"_acf_changed":false},"product_brand":[],"product_cat":[636],"product_tag":[],"class_list":{"0":"post-19523","1":"product","2":"type-product","3":"status-publish","4":"has-post-thumbnail","6":"product_cat-anaokulu","8":"first","9":"instock","10":"taxable","11":"shipping-taxable","12":"purchasable","13":"product-type-variable","14":"has-default-attributes"},"acf":[],"_links":{"self":[{"href":"https:\/\/mbuniforms.com.tr\/tr\/wp-json\/wp\/v2\/product\/19523","targetHints":{"allow":["GET"]}}],"collection":[{"href":"https:\/\/mbuniforms.com.tr\/tr\/wp-json\/wp\/v2\/product"}],"about":[{"href":"https:\/\/mbuniforms.com.tr\/tr\/wp-json\/wp\/v2\/types\/product"}],"wp:featuredmedia":[{"embeddable":true,"href":"https:\/\/mbuniforms.com.tr\/tr\/wp-json\/wp\/v2\/media\/20384"}],"wp:attachment":[{"href":"https:\/\/mbuniforms.com.tr\/tr\/wp-json\/wp\/v2\/media?parent=19523"}],"wp:term":[{"taxonomy":"product_brand","embeddable":true,"href":"https:\/\/mbuniforms.com.tr\/tr\/wp-json\/wp\/v2\/product_brand?post=19523"},{"taxonomy":"product_cat","embeddable":true,"href":"https:\/\/mbuniforms.com.tr\/tr\/wp-json\/wp\/v2\/product_cat?post=19523"},{"taxonomy":"product_tag","embeddable":true,"href":"https:\/\/mbuniforms.com.tr\/tr\/wp-json\/wp\/v2\/product_tag?post=19523"}],"curies":[{"name":"wp","href":"https:\/\/api.w.org\/{rel}","templated":true}]}}