{"id":19492,"date":"2024-10-04T12:18:36","date_gmt":"2024-10-04T12:18:36","guid":{"rendered":"https:\/\/mbuniforms.com.tr\/product\/mk25-007\/"},"modified":"2026-02-06T14:49:31","modified_gmt":"2026-02-06T11:49:31","slug":"mk25-007","status":"publish","type":"product","link":"https:\/\/mbuniforms.com.tr\/tr\/urun\/mk25-007\/","title":{"rendered":"E\u015fofman \u00dcst"},"content":{"rendered":"<p class=\"p1\"><strong>Detaylar:<\/strong> Unisex Lacivert Kap\u00fc\u015fonlu E\u015fofman \u00dcst, k\u0131rm\u0131z\u0131 raglan kollu, cepli ve kap\u00fc\u015fon astar\u0131 ile, her mevsim i\u00e7in m\u00fckemmel. <\/p>\n<p class=\"p1\"><strong>Logo:<\/strong> Dokuma MB Okullar\u0131 Anaokulu Armas\u0131<\/p>\n<p class=\"p1\"><strong>Renk:<\/strong> Lacivert, k\u0131rm\u0131z\u0131 kollu, cepli ve kap\u00fc\u015fonlu astarl\u0131.<\/p>\n<p class=\"p1\"><strong>Kuma\u015f:<\/strong> \u00c7ift boyal\u0131 iki katl\u0131 polar kuma\u015f, %75 penye kuma\u015f, %20 polyester, %5 elastan<\/p>\n","protected":false},"excerpt":{"rendered":"<p>Detaylar: Unisex Lacivert Kap\u00fc\u015fonlu E\u015fofman \u00dcst, k\u0131rm\u0131z\u0131 raglan kollu, cepli ve kap\u00fc\u015fon astar\u0131 ile, her mevsim i\u00e7in m\u00fckemmel. Logo: Dokuma MB Okullar\u0131 Anaokulu Armas\u0131 Renk: Lacivert, k\u0131rm\u0131z\u0131 kollu, cepli ve kap\u00fc\u015fonlu astarl\u0131. Kuma\u015f: \u00c7ift boyal\u0131 iki katl\u0131 polar kuma\u015f, %75 penye kuma\u015f, %20 polyester, %5 elastan<\/p>\n","protected":false},"featured_media":20034,"template":"","meta":{"_acf_changed":false},"product_brand":[],"product_cat":[636],"product_tag":[],"class_list":{"0":"post-19492","1":"product","2":"type-product","3":"status-publish","4":"has-post-thumbnail","6":"product_cat-anaokulu","8":"first","9":"instock","10":"taxable","11":"shipping-taxable","12":"purchasable","13":"product-type-variable","14":"has-default-attributes"},"acf":[],"_links":{"self":[{"href":"https:\/\/mbuniforms.com.tr\/tr\/wp-json\/wp\/v2\/product\/19492","targetHints":{"allow":["GET"]}}],"collection":[{"href":"https:\/\/mbuniforms.com.tr\/tr\/wp-json\/wp\/v2\/product"}],"about":[{"href":"https:\/\/mbuniforms.com.tr\/tr\/wp-json\/wp\/v2\/types\/product"}],"wp:featuredmedia":[{"embeddable":true,"href":"https:\/\/mbuniforms.com.tr\/tr\/wp-json\/wp\/v2\/media\/20034"}],"wp:attachment":[{"href":"https:\/\/mbuniforms.com.tr\/tr\/wp-json\/wp\/v2\/media?parent=19492"}],"wp:term":[{"taxonomy":"product_brand","embeddable":true,"href":"https:\/\/mbuniforms.com.tr\/tr\/wp-json\/wp\/v2\/product_brand?post=19492"},{"taxonomy":"product_cat","embeddable":true,"href":"https:\/\/mbuniforms.com.tr\/tr\/wp-json\/wp\/v2\/product_cat?post=19492"},{"taxonomy":"product_tag","embeddable":true,"href":"https:\/\/mbuniforms.com.tr\/tr\/wp-json\/wp\/v2\/product_tag?post=19492"}],"curies":[{"name":"wp","href":"https:\/\/api.w.org\/{rel}","templated":true}]}}