{"id":19452,"date":"2024-10-04T12:17:21","date_gmt":"2024-10-04T12:17:21","guid":{"rendered":"https:\/\/mbuniforms.com.tr\/product\/mk25-006\/"},"modified":"2025-09-23T23:41:54","modified_gmt":"2025-09-23T20:41:54","slug":"mk25-006","status":"publish","type":"product","link":"https:\/\/mbuniforms.com.tr\/tr\/urun\/mk25-006\/","title":{"rendered":"K\u0131sa Tayt"},"content":{"rendered":"<p class=\"p1\"><strong>Detaylar:<\/strong> K\u0131rm\u0131z\u0131 \u0130nce K\u0131sa Tayt, elbiselerin veya eteklerin alt\u0131na giymek i\u00e7in m\u00fckemmeldir. Rahatl\u0131\u011f\u0131 ve hareket kolayl\u0131\u011f\u0131n\u0131 art\u0131rmak i\u00e7in tasarlanm\u0131\u015ft\u0131r. Yaz sezonu i\u00e7in de idealdir.  <\/p>\n<p class=\"p1\"><strong>Logo:<\/strong> Ak\u00e7a a\u011fa\u00e7 yapra\u011f\u0131 nak\u0131\u015f\u0131<\/p>\n<p class=\"p1\"><strong>Renk:<\/strong> K\u0131rm\u0131z\u0131<\/p>\n<p class=\"p1\"><strong>Kuma\u015f:<\/strong> 30\/1 Jersey \u00d6rme Kuma\u015f, %95 Penye Pamuk, %5 Elastan<\/p>\n","protected":false},"excerpt":{"rendered":"<p>Detaylar: K\u0131rm\u0131z\u0131 \u0130nce K\u0131sa Tayt, elbiselerin veya eteklerin alt\u0131na giymek i\u00e7in m\u00fckemmeldir. Rahatl\u0131\u011f\u0131 ve hareket kolayl\u0131\u011f\u0131n\u0131 art\u0131rmak i\u00e7in tasarlanm\u0131\u015ft\u0131r. Yaz sezonu i\u00e7in de idealdir. Logo: Ak\u00e7a a\u011fa\u00e7 yapra\u011f\u0131 nak\u0131\u015f\u0131 Renk: K\u0131rm\u0131z\u0131 Kuma\u015f: 30\/1 Jersey \u00d6rme Kuma\u015f, %95 Penye Pamuk, %5 Elastan<\/p>\n","protected":false},"featured_media":19467,"template":"","meta":{"_acf_changed":false},"product_brand":[],"product_cat":[636],"product_tag":[],"class_list":{"0":"post-19452","1":"product","2":"type-product","3":"status-publish","4":"has-post-thumbnail","6":"product_cat-anaokulu","8":"first","9":"instock","10":"taxable","11":"shipping-taxable","12":"purchasable","13":"product-type-variable","14":"has-default-attributes"},"acf":[],"_links":{"self":[{"href":"https:\/\/mbuniforms.com.tr\/tr\/wp-json\/wp\/v2\/product\/19452","targetHints":{"allow":["GET"]}}],"collection":[{"href":"https:\/\/mbuniforms.com.tr\/tr\/wp-json\/wp\/v2\/product"}],"about":[{"href":"https:\/\/mbuniforms.com.tr\/tr\/wp-json\/wp\/v2\/types\/product"}],"wp:featuredmedia":[{"embeddable":true,"href":"https:\/\/mbuniforms.com.tr\/tr\/wp-json\/wp\/v2\/media\/19467"}],"wp:attachment":[{"href":"https:\/\/mbuniforms.com.tr\/tr\/wp-json\/wp\/v2\/media?parent=19452"}],"wp:term":[{"taxonomy":"product_brand","embeddable":true,"href":"https:\/\/mbuniforms.com.tr\/tr\/wp-json\/wp\/v2\/product_brand?post=19452"},{"taxonomy":"product_cat","embeddable":true,"href":"https:\/\/mbuniforms.com.tr\/tr\/wp-json\/wp\/v2\/product_cat?post=19452"},{"taxonomy":"product_tag","embeddable":true,"href":"https:\/\/mbuniforms.com.tr\/tr\/wp-json\/wp\/v2\/product_tag?post=19452"}],"curies":[{"name":"wp","href":"https:\/\/api.w.org\/{rel}","templated":true}]}}