{"id":19451,"date":"2024-10-04T11:56:56","date_gmt":"2024-10-04T11:56:56","guid":{"rendered":"https:\/\/mbuniforms.com.tr\/product\/mk25-001\/"},"modified":"2026-02-06T14:49:31","modified_gmt":"2026-02-06T11:49:31","slug":"mk25-001","status":"publish","type":"product","link":"https:\/\/mbuniforms.com.tr\/tr\/urun\/mk25-001\/","title":{"rendered":"Polo T-Shirt Beyaz"},"content":{"rendered":"<p class=\"p1\"><strong>Detaylar:<\/strong> \u00c7ift beyaz \u00e7izgili k\u0131rm\u0131z\u0131 yakal\u0131 ve kol bantl\u0131, Unisex Beyaz Polo Ti\u015f\u00f6rt.<\/p>\n<p class=\"p1\"><strong>Logo:<\/strong> Dokuma MB Okullar\u0131 Anaokulu Armas\u0131<\/p>\n<p class=\"p1\"><strong>Renk:<\/strong> K\u0131rm\u0131z\u0131 yaka ve kollarda beyaz \u00e7ift \u00e7izgi<\/p>\n<p class=\"p1\"><strong>Kuma\u015f:<\/strong> 30\/1 pike \u00f6rme kuma\u015f; %100 Penye Pamuk<\/p>\n","protected":false},"excerpt":{"rendered":"<p>Detaylar: \u00c7ift beyaz \u00e7izgili k\u0131rm\u0131z\u0131 yakal\u0131 ve kol bantl\u0131, Unisex Beyaz Polo Ti\u015f\u00f6rt. Logo: Dokuma MB Okullar\u0131 Anaokulu Armas\u0131 Renk: K\u0131rm\u0131z\u0131 yaka ve kollarda beyaz \u00e7ift \u00e7izgi Kuma\u015f: 30\/1 pike \u00f6rme kuma\u015f; %100 Penye Pamuk<\/p>\n","protected":false},"featured_media":19997,"template":"","meta":{"_acf_changed":false},"product_brand":[],"product_cat":[636],"product_tag":[],"class_list":{"0":"post-19451","1":"product","2":"type-product","3":"status-publish","4":"has-post-thumbnail","6":"product_cat-anaokulu","8":"first","9":"instock","10":"taxable","11":"shipping-taxable","12":"purchasable","13":"product-type-variable","14":"has-default-attributes"},"acf":[],"_links":{"self":[{"href":"https:\/\/mbuniforms.com.tr\/tr\/wp-json\/wp\/v2\/product\/19451","targetHints":{"allow":["GET"]}}],"collection":[{"href":"https:\/\/mbuniforms.com.tr\/tr\/wp-json\/wp\/v2\/product"}],"about":[{"href":"https:\/\/mbuniforms.com.tr\/tr\/wp-json\/wp\/v2\/types\/product"}],"wp:featuredmedia":[{"embeddable":true,"href":"https:\/\/mbuniforms.com.tr\/tr\/wp-json\/wp\/v2\/media\/19997"}],"wp:attachment":[{"href":"https:\/\/mbuniforms.com.tr\/tr\/wp-json\/wp\/v2\/media?parent=19451"}],"wp:term":[{"taxonomy":"product_brand","embeddable":true,"href":"https:\/\/mbuniforms.com.tr\/tr\/wp-json\/wp\/v2\/product_brand?post=19451"},{"taxonomy":"product_cat","embeddable":true,"href":"https:\/\/mbuniforms.com.tr\/tr\/wp-json\/wp\/v2\/product_cat?post=19451"},{"taxonomy":"product_tag","embeddable":true,"href":"https:\/\/mbuniforms.com.tr\/tr\/wp-json\/wp\/v2\/product_tag?post=19451"}],"curies":[{"name":"wp","href":"https:\/\/api.w.org\/{rel}","templated":true}]}}