{"id":19421,"date":"2025-08-25T08:13:57","date_gmt":"2025-08-25T05:13:57","guid":{"rendered":"https:\/\/mbuniforms.com.tr\/registration-and-identification\/"},"modified":"2025-08-28T09:20:39","modified_gmt":"2025-08-28T06:20:39","slug":"registration-and-identification","status":"publish","type":"page","link":"https:\/\/mbuniforms.com.tr\/tr\/registration-and-identification\/","title":{"rendered":"Kay\u0131t ve Tan\u0131mlama"},"content":{"rendered":"\t\t<div data-elementor-type=\"wp-page\" data-elementor-id=\"19421\" class=\"elementor elementor-19421 elementor-12797\" data-elementor-post-type=\"page\">\n\t\t\t\t<div class=\"elementor-element elementor-element-b35225a e-flex e-con-boxed e-con e-parent\" data-id=\"b35225a\" data-element_type=\"container\" data-e-type=\"container\">\n\t\t\t\t\t<div class=\"e-con-inner\">\n\t\t\t\t<div class=\"elementor-element elementor-element-e0235b8 elementor-widget elementor-widget-heading\" data-id=\"e0235b8\" data-element_type=\"widget\" data-e-type=\"widget\" data-widget_type=\"heading.default\">\n\t\t\t\t<div class=\"elementor-widget-container\">\n\t\t\t\t\t<h2 class=\"elementor-heading-title elementor-size-default\">Kay\u0131t ve kimlik<\/h2>\t\t\t\t<\/div>\n\t\t\t\t<\/div>\n\t\t\t\t<div class=\"elementor-element elementor-element-f9ebaa4 elementor-widget elementor-widget-text-editor\" data-id=\"f9ebaa4\" data-element_type=\"widget\" data-e-type=\"widget\" data-widget_type=\"text-editor.default\">\n\t\t\t\t<div class=\"elementor-widget-container\">\n\t\t\t\t\t\t\t\t\t\n<p>Sat\u0131c\u0131, Sitenin sunucusunda g\u00fcnl\u00fck dosyalar\u0131n\u0131 depolayarak sitenin Kullan\u0131c\u0131lar\u0131n\u0131 tan\u0131mlar.<\/p>\n\n\n\n<p>Sat\u0131c\u0131, Kullan\u0131c\u0131 ile genel \u015fartlar kapsam\u0131nda akdedilen s\u00f6zle\u015fmeyi yerine getirmek amac\u0131yla ve buna dayal\u0131 olarak Kullan\u0131c\u0131lar hakk\u0131nda bilgi toplama ve kullanma hakk\u0131na sahiptir. Ki\u015finin tan\u0131mlanabilece\u011fi bilgiler, genel \u015fartlarda belirtilen ki\u015fisel verilerin yan\u0131 s\u0131ra ki\u015finin kay\u0131t s\u0131ras\u0131nda g\u00f6n\u00fcll\u00fc olarak sa\u011flad\u0131\u011f\u0131 di\u011fer bilgileri de i\u00e7erebilir. Bilgiler ayr\u0131ca Kullan\u0131c\u0131n\u0131n hizmetleri kullan\u0131rken girdi\u011fi, kulland\u0131\u011f\u0131 veya sa\u011flad\u0131\u011f\u0131 di\u011fer bilgileri de i\u00e7erir.  <\/p>\n\n\n\n<p>Siteye yaln\u0131zca 16 ya\u015f\u0131ndan b\u00fcy\u00fck ki\u015filer kay\u0131t olabilir. Kay\u0131t olurken, ki\u015fi 16 ya\u015f\u0131ndan b\u00fcy\u00fck oldu\u011funu beyan eden bir onay kutusunu i\u015faretler. <\/p>\n\n\n\n<p>Sat\u0131c\u0131 gerekli \u00f6zeni g\u00f6sterir ve m\u00fccbir sebepler, kazara meydana gelen olaylar veya \u00fc\u00e7\u00fcnc\u00fc taraflar\u0131n k\u00f6t\u00fc niyetli eylemleri haricinde, kay\u0131tla ba\u011flant\u0131l\u0131 olarak kendileri taraf\u0131ndan bilinen Kullan\u0131c\u0131 hakk\u0131ndaki bilgileri korumaktan sorumludur.<\/p>\n\n\n\n<p>Kay\u0131t s\u0131ras\u0131nda Kullan\u0131c\u0131 taraf\u0131ndan doldurulan kay\u0131t formunda, Sat\u0131c\u0131, verilerin sa\u011flanmas\u0131n\u0131n zorunlu veya g\u00f6n\u00fcll\u00fc niteli\u011fini ve bunlar\u0131 sa\u011flamay\u0131 reddetmenin sonu\u00e7lar\u0131n\u0131 belirtir.<\/p>\n\n\n\n<p>\u00dcye \u0130\u015fyeri, ki\u015fisel verileri \u00fc\u00e7\u00fcnc\u00fc taraflara yaln\u0131zca yasalar\u0131n \u00f6ng\u00f6rd\u00fc\u011f\u00fc durumlarda ve yasalar\u0131n \u00f6ng\u00f6rd\u00fc\u011f\u00fc ko\u015fullar alt\u0131nda veya Kullan\u0131c\u0131lar\u0131n a\u00e7\u0131k r\u0131zas\u0131 ile a\u00e7\u0131klayabilir.<\/p>\n\n\n\n<p>Kullan\u0131c\u0131, Sat\u0131c\u0131n\u0131n web sitesinde ger\u00e7ek zamanl\u0131 (\u00e7evrimi\u00e7i) olarak bulunan ilgili elektronik kay\u0131t formunu doldurarak ve Genel \u015eartlar\u0131 a\u00e7\u0131k\u00e7a kabul ederek kay\u0131t olabilir.<\/p>\n\n\n\n<p>Kullan\u0131c\u0131, Genel \u015eartlar\u0131n yaz\u0131l\u0131 onay\u0131 h\u00fckm\u00fcnde olan &#8220;Kay\u0131t&#8221; veya benzeri bir metnin yer ald\u0131\u011f\u0131 sanal d\u00fc\u011fmeye basarak, Elektronik Belge ve Elektronik \u0130mza Kanunu anlam\u0131nda bir elektronik beyanda bulunur ve Genel \u015eartlar\u0131 bildi\u011fini, kabul etti\u011fini ve bunlara uymay\u0131 taahh\u00fct etti\u011fini beyan eder. Sat\u0131c\u0131, sunucusundaki g\u00fcnl\u00fck dosyalar\u0131nda Kullan\u0131c\u0131n\u0131n IP adresinin yan\u0131 s\u0131ra, yasal bir anla\u015fmazl\u0131k durumunda Genel \u015eartlar\u0131 kabul ettiklerine dair elektronik beyanlar\u0131n\u0131n tan\u0131mlanmas\u0131 ve \u00e7o\u011falt\u0131lmas\u0131 i\u00e7in gerekli di\u011fer bilgileri saklayabilir. Genel \u015eartlar\u0131n metni, saklanmas\u0131na ve \u00e7o\u011falt\u0131lmas\u0131na izin verecek \u015fekilde Sat\u0131c\u0131n\u0131n web sitesinde mevcuttur.  <\/p>\n\n\n\n<p>Kullan\u0131c\u0131, kay\u0131t ba\u015fvurusunu doldururken kimli\u011fi (ger\u00e7ek ki\u015filer i\u00e7in), yasal stat\u00fcs\u00fc (t\u00fczel ki\u015filer i\u00e7in) ve \u00dcye \u0130\u015fyeri&#8217;nin elektronik formunun gerektirdi\u011fi di\u011fer verilerle ilgili tam ve do\u011fru bilgi vermek ve herhangi bir de\u011fi\u015fiklik olmas\u0131 halinde bunlar\u0131 7 (yedi) g\u00fcn i\u00e7inde g\u00fcncellemekle y\u00fck\u00fcml\u00fcd\u00fcr. Kullan\u0131c\u0131, talep edilen ki\u015fisel verileri sa\u011flamay\u0131 kabul etti\u011fini, kay\u0131t s\u0131ras\u0131nda sa\u011flad\u0131\u011f\u0131 verilerin ger\u00e7ek, eksiksiz ve do\u011fru oldu\u011funu ve herhangi bir de\u011fi\u015fiklik durumunda derhal g\u00fcncelleyece\u011fini garanti eder. Yanl\u0131\u015f veri sa\u011flanmas\u0131 durumunda, Sat\u0131c\u0131, hizmetlerin sa\u011flanmas\u0131n\u0131 derhal ve bildirimde bulunmaks\u0131z\u0131n feshetme veya ask\u0131ya alma ve Kullan\u0131c\u0131n\u0131n kayd\u0131n\u0131 s\u00fcrd\u00fcrme hakk\u0131na sahiptir.  <\/p>\n\n\n\n<p>Kay\u0131t olduktan sonra Kullan\u0131c\u0131, Kullan\u0131c\u0131 taraf\u0131ndan belirtilen e-posta adresi olan benzersiz bir kullan\u0131c\u0131 ad\u0131 ve web sitesi arac\u0131l\u0131\u011f\u0131yla sunulan hizmetlere eri\u015fim i\u00e7in bir \u015fifre al\u0131r.<\/p>\n\n\n\n<p>Kullan\u0131c\u0131, sitedeki kullan\u0131c\u0131 profilini kendi profili \u00fczerinden y\u00f6netebilir.<\/p>\n\n\n\n<p>Kullan\u0131c\u0131n\u0131n kaydoldu\u011fu kullan\u0131c\u0131 ad\u0131, bu \u015fartlarda a\u00e7\u0131k\u00e7a belirtilenler d\u0131\u015f\u0131nda ba\u015fka herhangi bir hak vermez.<\/p>\n\n\n\n<p>Bir t\u00fczel ki\u015fili\u011fin temsilcisi olarak tescil ettiren, s\u0131ras\u0131yla tam ad\u0131n\u0131 ve adresini, temsil etti\u011fi t\u00fczel ki\u015fili\u011fin ad\u0131n\u0131 girmekle y\u00fck\u00fcml\u00fcd\u00fcr.<\/p>\n\n\n\n<p>Kullan\u0131c\u0131, \u015fifresini korumak i\u00e7in gerekli t\u00fcm \u00f6zeni g\u00f6stermek ve makul olarak gerekli \u00f6nlemleri almakla, ayr\u0131ca \u015fifresini \u00fc\u00e7\u00fcnc\u00fc taraflara if\u015fa etmemekle ve yetkisiz eri\u015fim durumunda ve b\u00f6yle bir olas\u0131l\u0131k veya \u015f\u00fcphe durumunda Sat\u0131c\u0131y\u0131 derhal bilgilendirmekle y\u00fck\u00fcml\u00fcd\u00fcr. \u015eifrelerinin korunmas\u0131n\u0131n yan\u0131 s\u0131ra kendileri veya \u00fc\u00e7\u00fcnc\u00fc bir taraf\u00e7a \u015fifreleri kullan\u0131larak ger\u00e7ekle\u015ftirilen t\u00fcm eylemlerin sorumlulu\u011fu ve riski kendilerine aittir. <\/p>\n\n\n\n<p><\/p>\n\t\t\t\t\t\t\t\t<\/div>\n\t\t\t\t<\/div>\n\t\t\t\t\t<\/div>\n\t\t\t\t<\/div>\n\t\t\t\t<\/div>\n\t\t","protected":false},"excerpt":{"rendered":"<p>Kay\u0131t ve kimlik Sat\u0131c\u0131, Sitenin sunucusunda g\u00fcnl\u00fck dosyalar\u0131n\u0131 depolayarak sitenin Kullan\u0131c\u0131lar\u0131n\u0131 tan\u0131mlar. Sat\u0131c\u0131, Kullan\u0131c\u0131 ile genel \u015fartlar kapsam\u0131nda akdedilen s\u00f6zle\u015fmeyi yerine getirmek amac\u0131yla ve buna dayal\u0131 olarak Kullan\u0131c\u0131lar hakk\u0131nda bilgi toplama ve kullanma hakk\u0131na sahiptir. Ki\u015finin tan\u0131mlanabilece\u011fi bilgiler, genel \u015fartlarda belirtilen ki\u015fisel verilerin yan\u0131 s\u0131ra ki\u015finin kay\u0131t s\u0131ras\u0131nda g\u00f6n\u00fcll\u00fc olarak sa\u011flad\u0131\u011f\u0131 di\u011fer bilgileri de i\u00e7erebilir. [&hellip;]<\/p>\n","protected":false},"author":1,"featured_media":0,"parent":0,"menu_order":0,"comment_status":"closed","ping_status":"closed","template":"","meta":{"_acf_changed":false,"footnotes":""},"class_list":["post-19421","page","type-page","status-publish","hentry"],"acf":[],"_links":{"self":[{"href":"https:\/\/mbuniforms.com.tr\/tr\/wp-json\/wp\/v2\/pages\/19421","targetHints":{"allow":["GET"]}}],"collection":[{"href":"https:\/\/mbuniforms.com.tr\/tr\/wp-json\/wp\/v2\/pages"}],"about":[{"href":"https:\/\/mbuniforms.com.tr\/tr\/wp-json\/wp\/v2\/types\/page"}],"author":[{"embeddable":true,"href":"https:\/\/mbuniforms.com.tr\/tr\/wp-json\/wp\/v2\/users\/1"}],"replies":[{"embeddable":true,"href":"https:\/\/mbuniforms.com.tr\/tr\/wp-json\/wp\/v2\/comments?post=19421"}],"version-history":[{"count":3,"href":"https:\/\/mbuniforms.com.tr\/tr\/wp-json\/wp\/v2\/pages\/19421\/revisions"}],"predecessor-version":[{"id":19839,"href":"https:\/\/mbuniforms.com.tr\/tr\/wp-json\/wp\/v2\/pages\/19421\/revisions\/19839"}],"wp:attachment":[{"href":"https:\/\/mbuniforms.com.tr\/tr\/wp-json\/wp\/v2\/media?parent=19421"}],"curies":[{"name":"wp","href":"https:\/\/api.w.org\/{rel}","templated":true}]}}