{"id":19395,"date":"2025-08-25T08:13:38","date_gmt":"2025-08-25T05:13:38","guid":{"rendered":"https:\/\/mbuniforms.com.tr\/cookie-policy\/"},"modified":"2025-08-29T14:55:20","modified_gmt":"2025-08-29T11:55:20","slug":"cookie-policy","status":"publish","type":"page","link":"https:\/\/mbuniforms.com.tr\/tr\/cookie-policy\/","title":{"rendered":"\u00c7erez Politikas\u0131"},"content":{"rendered":"\t\t<div data-elementor-type=\"wp-page\" data-elementor-id=\"19395\" class=\"elementor elementor-19395 elementor-460\" data-elementor-post-type=\"page\">\n\t\t\t\t<div class=\"elementor-element elementor-element-22d9006f e-flex e-con-boxed e-con e-parent\" data-id=\"22d9006f\" data-element_type=\"container\" data-e-type=\"container\">\n\t\t\t\t\t<div class=\"e-con-inner\">\n\t\t\t\t<div class=\"elementor-element elementor-element-9455df7 elementor-widget elementor-widget-heading\" data-id=\"9455df7\" data-element_type=\"widget\" data-e-type=\"widget\" data-widget_type=\"heading.default\">\n\t\t\t\t<div class=\"elementor-widget-container\">\n\t\t\t\t\t<h1 class=\"elementor-heading-title elementor-size-default\">\u00c7erez Politikas\u0131<\/h1>\t\t\t\t<\/div>\n\t\t\t\t<\/div>\n\t\t\t\t<div class=\"elementor-element elementor-element-59deba54 elementor-widget elementor-widget-text-editor\" data-id=\"59deba54\" data-element_type=\"widget\" data-e-type=\"widget\" data-widget_type=\"text-editor.default\">\n\t\t\t\t<div class=\"elementor-widget-container\">\n\t\t\t\t\t\t\t\t\t<p><strong>\u00c7erezlerin Kullan\u0131m\u0131<\/strong><\/p><p>\u00c7erezler, \u0130nternet&#8217;teki \u00e7e\u015fitli web sitelerini ve sayfalar\u0131 ziyaret etti\u011finizde \u0130nternet taray\u0131c\u0131n\u0131z taraf\u0131ndan cihaz\u0131n\u0131zda (bilgisayar, tablet, diz\u00fcst\u00fc bilgisayar veya cep telefonu) depolanan k\u0131sa metin dosyalar\u0131 veya k\u00fc\u00e7\u00fck bilgi paketleridir. \u00c7erezlerin temel amac\u0131, kullan\u0131c\u0131n\u0131n Web Sitesine geri d\u00f6nd\u00fc\u011f\u00fcnde tan\u0131nabilir olmas\u0131n\u0131 sa\u011flamakt\u0131r. Baz\u0131 \u00e7erezlerin, sitedeki kullan\u0131c\u0131 davran\u0131\u015flar\u0131n\u0131 hat\u0131rlamak ve kullan\u0131c\u0131n\u0131n Web Sitesini kullan\u0131m\u0131n\u0131 kolayla\u015ft\u0131rmak gibi daha \u00f6zel uygulamalar\u0131 vard\u0131r. \u00c7erezlerin nas\u0131l \u00e7al\u0131\u015ft\u0131\u011f\u0131 hakk\u0131nda daha fazla bilgi internette bulunabilir.   <\/p><p><strong>Bu Web Sitesinde \u00e7erezler nas\u0131l kullan\u0131l\u0131r?<\/strong><\/p><p>Bu Web Sitesinde \u00e7erezleri \u00f6ncelikle sitenin kullan\u0131labilirli\u011fini kolayla\u015ft\u0131rmak, performans\u0131n\u0131 art\u0131rmak ve kullan\u0131c\u0131 davran\u0131\u015f\u0131 hakk\u0131nda bilgi depolamak i\u00e7in kullan\u0131yoruz. Bu s\u00fcre\u00e7te hi\u00e7bir ki\u015fisel veri saklanmaz, yani sitenin \u00e7erezleri arac\u0131l\u0131\u011f\u0131yla sizi bir birey olarak tan\u0131mlayamay\u0131z, bu nedenle Veri Koruma Yasas\u0131 bu bilgilerin toplanmas\u0131 i\u00e7in ge\u00e7erli de\u011fildir. \u00c7erezlerden toplanan bilgiler genellikle Web Sitesindeki kullan\u0131c\u0131 davran\u0131\u015f\u0131n\u0131n analizi i\u00e7in toplu bir bi\u00e7imde kullan\u0131l\u0131r ve sitenin i\u015flevselli\u011fini, kullan\u0131c\u0131 yollar\u0131n\u0131 ve kullan\u0131lan i\u00e7eri\u011fi geli\u015ftirmemize olanak tan\u0131r.  <\/p><p><strong>Bu Web Sitesinde hangi \u00e7erezler kullan\u0131l\u0131yor?<\/strong><\/p><p>Oturum \u00c7erezleri<\/p><p>Bu t\u00fcr \u00e7erezler, bilgileri yaln\u0131zca kulland\u0131\u011f\u0131n\u0131z taray\u0131c\u0131n\u0131n oturumu i\u00e7inde ge\u00e7ici olarak depolayarak siteyi kullan\u0131m\u0131n\u0131z\u0131 kolayla\u015ft\u0131r\u0131r. Tipik olarak, bunlar taraf\u0131ndan saklanan bilgiler, sepete hangi mal veya hizmetleri ekledi\u011finizi, sitenin hangi sayfalar\u0131n\u0131 ziyaret etti\u011finizi ve belirli bilgilere nas\u0131l ula\u015ft\u0131\u011f\u0131n\u0131z\u0131 i\u00e7erir. Bu \u00e7erezler cihaz\u0131n\u0131zdan bilgi toplamaz ve Web Sitesinden ayr\u0131ld\u0131\u011f\u0131n\u0131zda veya taray\u0131c\u0131 oturumunuzu sonland\u0131rd\u0131\u011f\u0131n\u0131zda otomatik olarak silinir.  <\/p><p>Kal\u0131c\u0131 \u00c7erezler<\/p><p>Site ziyaretlerini analiz etme, Web Sitesine nas\u0131l ula\u015ft\u0131\u011f\u0131n\u0131z, hangi sayfalar\u0131 g\u00f6r\u00fcnt\u00fcledi\u011finiz, hangi se\u00e7enekleri se\u00e7ti\u011finiz ve bu Web Sitesinde nerede gezindi\u011finiz gibi belirli tarama bilgilerini saklamam\u0131z\u0131 sa\u011flarlar. Bu bilgilerin izlenmesi, hatalar\u0131n d\u00fczeltilmesi ve i\u00e7eri\u011fin geni\u015fletilmesi dahil olmak \u00fczere Web Sitesinde iyile\u015ftirmeler yapmam\u0131z\u0131 sa\u011flar. Bu t\u00fcr \u00e7erezler i\u00e7in saklama s\u00fcresi, \u00f6zel ama\u00e7lar\u0131na g\u00f6re de\u011fi\u015fir.  <\/p><p>\u00dc\u00e7\u00fcnc\u00fc Taraf \u00c7erezleri<\/p><p>Web sitemiz di\u011fer sitelere ba\u011flant\u0131lar veya Facebook, Instagram, YouTube, Twitter, LinkedIn, ortak web siteleri gibi di\u011fer sitelerden g\u00f6m\u00fcl\u00fc i\u00e7erikler i\u00e7erebilir. Bu siteleri ziyaret ederken veya bunlardan i\u00e7erik a\u00e7arken, bu web sitelerinden gelen \u00e7erezlerin cihaz\u0131n\u0131zda saklanmas\u0131 m\u00fcmk\u00fcnd\u00fcr. Bu \u00e7erezler &#8216;\u00fc\u00e7\u00fcnc\u00fc taraf \u00e7erezleri&#8217; olarak tan\u0131mlan\u0131r ve bu \u00e7erezlerin olu\u015fturulmas\u0131 ve y\u00f6netimi \u00fczerinde hi\u00e7bir kontrol\u00fcm\u00fcz yoktur. Bu nedenle, ilgili \u00fc\u00e7\u00fcnc\u00fc taraf web sitelerinde bunlar ve nas\u0131l y\u00f6netildikleri hakk\u0131nda bilgi alman\u0131z\u0131 tavsiye ederiz.   <\/p><p>MB CEE&#8217;nin, sitemizin ba\u011flant\u0131 verebilece\u011fi harici sitelerin gizlilik politikas\u0131, veri depolama veya i\u00e7eri\u011finden sorumlu olmad\u0131\u011f\u0131n\u0131 l\u00fctfen unutmay\u0131n.<\/p><p><strong>Bu Web Sitesinden \u00e7erez kullan\u0131m\u0131n\u0131 nas\u0131l y\u00f6netebilirim?<\/strong><\/p><p>T\u00fcm taray\u0131c\u0131lar, taray\u0131c\u0131n\u0131zda \u00f6zel olarak olu\u015fturulmu\u015f bir klas\u00f6rden \u00e7erezlerin y\u00f6netilmesine izin verir. Sitemizi ziyaret etmeden \u00f6nce \u00e7erezlerin al\u0131nmas\u0131n\u0131 engelleyebilir, tamam\u0131n\u0131 veya bir k\u0131sm\u0131n\u0131 silebilir veya \u00e7erezlerin kullan\u0131m\u0131na ili\u015fkin tercihlerinizi belirleyebilirsiniz. \u00c7erezleri silmenin veya engellemenin Web Sitemizin i\u015flevselli\u011fini ve sonu\u00e7 olarak Web Sitemizdeki kullan\u0131c\u0131 deneyiminizi olumsuz etkileyebilece\u011fini l\u00fctfen unutmay\u0131n.  <\/p><p><br><strong>R\u0131za ve Kontrol<\/strong><\/p><p>Web sitemizi ziyaret etti\u011finizde, web sitesinin \u00e7al\u0131\u015fabilmesini ve tasar\u0131m\u0131n\u0131 geli\u015ftirmeye devam edebilmemizi ve ilgi alanlar\u0131n\u0131z do\u011frultusunda size i\u00e7erik sunabilmemizi sa\u011flamaya yard\u0131mc\u0131 olan \u00e7erezleri kullanmam\u0131za izin vermi\u015f olursunuz.<\/p><p>Herhangi bir web sitesi taraf\u0131ndan ayarlanan \u00e7erezleri k\u0131s\u0131tlamak, engellemek veya silmek isterseniz, bunu taray\u0131c\u0131 ayarlar\u0131n\u0131z arac\u0131l\u0131\u011f\u0131yla yapabilirsiniz. Taray\u0131c\u0131n\u0131zdaki &#8220;Yard\u0131m&#8221; i\u015flevi size nas\u0131l yap\u0131laca\u011f\u0131n\u0131 s\u00f6yleyecektir. <\/p><p>Alternatif olarak, \u00e7ok \u00e7e\u015fitli taray\u0131c\u0131lardan \u00e7erezlerin nas\u0131l engellenece\u011fi hakk\u0131nda bilgi i\u00e7eren www. <a href=\"http:\/\/www.allaboutcookies.org\/\" target=\"_blank\" rel=\"noreferrer noopener\">allaboutcookies<\/a>.org adresini ziyaret etmek isteyebilirsiniz.<\/p><p>\u00c7erezleri sildi\u011finizde veya engelledi\u011finizde web sitemizin her zaman do\u011fru \u015fekilde \u00e7al\u0131\u015famayabilece\u011fini l\u00fctfen unutmay\u0131n.<\/p><p><strong>Bu politikadaki de\u011fi\u015fiklikler<\/strong><\/p><p>Bu \u00c7erez Politikas\u0131n\u0131 zaman zaman g\u00fcncellememiz gerekebilir ve \u00e7erezleri nas\u0131l kulland\u0131\u011f\u0131m\u0131z hakk\u0131nda bilgi sahibi olmak i\u00e7in buray\u0131 tekrar ziyaret etmenizi te\u015fvik edebiliriz. Bu \u00e7erez politikas\u0131 en son A\u011fustos 2025&#8217;te g\u00fcncellenmi\u015ftir. <\/p><p><strong>Daha fazla bilgi<\/strong><\/p><p>\u00c7erezler ve nas\u0131l \u00e7al\u0131\u015ft\u0131klar\u0131 hakk\u0131nda daha fazla bilgiyi <a href=\"http:\/\/www.allaboutcookies.org\/\" target=\"_blank\" rel=\"noreferrer noopener\">www.<\/a> <a href=\"http:\/\/www.youronlinechoices.eu\/\" target=\"_blank\" rel=\"noreferrer noopener\">allaboutcookies.<\/a>org ve www.youronlinechoices.eu adreslerinden edinebilirsiniz.<\/p><p>MB CEE&#8217;nin \u00e7erez politikas\u0131yla ilgili ba\u015fka sorular\u0131n\u0131z veya yorumlar\u0131n\u0131z varsa, l\u00fctfen Destek Ekibimizle e-posta yoluyla ileti\u015fime ge\u00e7in: <a href=\"mailto:support@mbuniforms.com.tr\">support@mbuniforms.com.tr<\/a><\/p>\t\t\t\t\t\t\t\t<\/div>\n\t\t\t\t<\/div>\n\t\t\t\t\t<\/div>\n\t\t\t\t<\/div>\n\t\t\t\t<\/div>\n\t\t","protected":false},"excerpt":{"rendered":"<p>\u00c7erez Politikas\u0131 \u00c7erezlerin Kullan\u0131m\u0131 \u00c7erezler, \u0130nternet&#8217;teki \u00e7e\u015fitli web sitelerini ve sayfalar\u0131 ziyaret etti\u011finizde \u0130nternet taray\u0131c\u0131n\u0131z taraf\u0131ndan cihaz\u0131n\u0131zda (bilgisayar, tablet, diz\u00fcst\u00fc bilgisayar veya cep telefonu) depolanan k\u0131sa metin dosyalar\u0131 veya k\u00fc\u00e7\u00fck bilgi paketleridir. \u00c7erezlerin temel amac\u0131, kullan\u0131c\u0131n\u0131n Web Sitesine geri d\u00f6nd\u00fc\u011f\u00fcnde tan\u0131nabilir olmas\u0131n\u0131 sa\u011flamakt\u0131r. Baz\u0131 \u00e7erezlerin, sitedeki kullan\u0131c\u0131 davran\u0131\u015flar\u0131n\u0131 hat\u0131rlamak ve kullan\u0131c\u0131n\u0131n Web Sitesini kullan\u0131m\u0131n\u0131 kolayla\u015ft\u0131rmak [&hellip;]<\/p>\n","protected":false},"author":1,"featured_media":0,"parent":0,"menu_order":0,"comment_status":"closed","ping_status":"closed","template":"","meta":{"_acf_changed":false,"footnotes":""},"class_list":["post-19395","page","type-page","status-publish","hentry"],"acf":[],"_links":{"self":[{"href":"https:\/\/mbuniforms.com.tr\/tr\/wp-json\/wp\/v2\/pages\/19395","targetHints":{"allow":["GET"]}}],"collection":[{"href":"https:\/\/mbuniforms.com.tr\/tr\/wp-json\/wp\/v2\/pages"}],"about":[{"href":"https:\/\/mbuniforms.com.tr\/tr\/wp-json\/wp\/v2\/types\/page"}],"author":[{"embeddable":true,"href":"https:\/\/mbuniforms.com.tr\/tr\/wp-json\/wp\/v2\/users\/1"}],"replies":[{"embeddable":true,"href":"https:\/\/mbuniforms.com.tr\/tr\/wp-json\/wp\/v2\/comments?post=19395"}],"version-history":[{"count":4,"href":"https:\/\/mbuniforms.com.tr\/tr\/wp-json\/wp\/v2\/pages\/19395\/revisions"}],"predecessor-version":[{"id":20188,"href":"https:\/\/mbuniforms.com.tr\/tr\/wp-json\/wp\/v2\/pages\/19395\/revisions\/20188"}],"wp:attachment":[{"href":"https:\/\/mbuniforms.com.tr\/tr\/wp-json\/wp\/v2\/media?parent=19395"}],"curies":[{"name":"wp","href":"https:\/\/api.w.org\/{rel}","templated":true}]}}