{"id":19381,"date":"2025-08-25T08:13:31","date_gmt":"2025-08-25T05:13:31","guid":{"rendered":"https:\/\/mbuniforms.com.tr\/product-care\/"},"modified":"2025-08-29T15:15:37","modified_gmt":"2025-08-29T12:15:37","slug":"product-care","status":"publish","type":"page","link":"https:\/\/mbuniforms.com.tr\/tr\/product-care\/","title":{"rendered":"\u00dcr\u00fcn bak\u0131m\u0131"},"content":{"rendered":"\t\t<div data-elementor-type=\"wp-page\" data-elementor-id=\"19381\" class=\"elementor elementor-19381 elementor-317\" data-elementor-post-type=\"page\">\n\t\t\t\t<div class=\"elementor-element elementor-element-401779b4 e-flex e-con-boxed e-con e-parent\" data-id=\"401779b4\" data-element_type=\"container\" data-e-type=\"container\">\n\t\t\t\t\t<div class=\"e-con-inner\">\n\t\t\t\t<div class=\"elementor-element elementor-element-481fdf0 elementor-widget elementor-widget-heading\" data-id=\"481fdf0\" data-element_type=\"widget\" data-e-type=\"widget\" data-widget_type=\"heading.default\">\n\t\t\t\t<div class=\"elementor-widget-container\">\n\t\t\t\t\t<h1 class=\"elementor-heading-title elementor-size-default\">\u00dcr\u00fcn bak\u0131m\u0131<\/h1>\t\t\t\t<\/div>\n\t\t\t\t<\/div>\n\t\t\t\t<div class=\"elementor-element elementor-element-5f3b2243 elementor-widget elementor-widget-text-editor\" data-id=\"5f3b2243\" data-element_type=\"widget\" data-e-type=\"widget\" data-widget_type=\"text-editor.default\">\n\t\t\t\t<div class=\"elementor-widget-container\">\n\t\t\t\t\t\t\t\t\t&nbsp;\n<p data-mce-fragment=\"1\" data-sanitized-data-mce-fragment=\"1\"><strong data-mce-fragment=\"1\" data-sanitized-data-mce-fragment=\"1\">Y\u0131kama Talimatlar\u0131:<\/strong><\/p>\n\n<ol data-mce-fragment=\"1\" data-sanitized-data-mce-fragment=\"1\">\n \t<li data-mce-fragment=\"1\" data-sanitized-data-mce-fragment=\"1\"><strong data-mce-fragment=\"1\" data-sanitized-data-mce-fragment=\"1\">BEYAZ VE KIRMIZI E\u015eYALAR \u0130\u00c7\u0130N AYRI YIKAMA<\/strong><br data-mce-fragment=\"1\" data-sanitized-data-mce-fragment=\"1\"><strong data-mce-fragment=\"1\" data-sanitized-data-mce-fragment=\"1\">B<\/strong>eyaz ve k\u0131rm\u0131z\u0131 renkli e\u015fyalar birlikte YIKANMAMALIDIR.<\/li>\n \t<li data-mce-fragment=\"1\" data-sanitized-data-mce-fragment=\"1\"><strong data-mce-fragment=\"1\" data-sanitized-data-mce-fragment=\"1\">YIKAMA SICAKLI\u011eI<\/strong><br data-mce-fragment=\"1\" data-sanitized-data-mce-fragment=\"1\">30\u00b0&#8217;DEN FAZLA OLMAMALI Su s\u0131cakl\u0131\u011f\u0131 30\u00b0&#8217;den fazla OLMAMALIDIR.<\/li>\n \t<li data-mce-fragment=\"1\" data-sanitized-data-mce-fragment=\"1\">\u00c7ama\u015f\u0131r Deterjan\u0131<br data-mce-fragment=\"1\" data-sanitized-data-mce-fragment=\"1\">En iyi sonu\u00e7 i\u00e7in orta tozlu veya s\u0131v\u0131 deterjan kullan\u0131n. Lekeler i\u00e7in \u00e7ocuklar i\u00e7in leke \u00e7\u0131kar\u0131c\u0131 deterjan kullan\u0131n. <\/li>\n \t<li data-mce-fragment=\"1\" data-sanitized-data-mce-fragment=\"1\"><strong data-mce-fragment=\"1\" data-sanitized-data-mce-fragment=\"1\">A\u011fartma<\/strong><br data-mce-fragment=\"1\" data-sanitized-data-mce-fragment=\"1\">Klorlu a\u011fart\u0131c\u0131 KULLANMAYIN.<\/li>\n \t<li data-mce-fragment=\"1\" data-sanitized-data-mce-fragment=\"1\"><strong data-mce-fragment=\"1\" data-sanitized-data-mce-fragment=\"1\">Y\u0131kama sonras\u0131 kurutma<\/strong><br data-mce-fragment=\"1\" data-sanitized-data-mce-fragment=\"1\">M\u00fcmk\u00fcn oldu\u011funca \u00e7ama\u015f\u0131r kurutma makinesi kullanmaktan ka\u00e7\u0131n\u0131n. \u00dcniformalar DO\u011eAL OLARAK KURUMASI i\u00e7in ask\u0131lara as\u0131lmal\u0131d\u0131r. Kurutma makinesi gerekiyorsa, EN D\u00dc\u015e\u00dcK ISI ayar\u0131n\u0131 KULLANIN veya &#8216;HAVADA KURUTMA&#8217;y\u0131 se\u00e7in. Y\u0131kama s\u0131ras\u0131nda renk ge\u00e7i\u015fi ya\u015fad\u0131ysan\u0131z, bu giysiler i\u00e7in \u00e7ama\u015f\u0131r kurutma makinesi kullanmaktan ka\u00e7\u0131n\u0131n. Bunun yerine, kurutucudan gelen \u0131s\u0131 boyalar\u0131 sabitleyerek \u00e7\u0131kar\u0131lmas\u0131n\u0131 zorla\u015ft\u0131rabilece\u011finden, giysilerin HAVADA KURUMASINA izin verin.    <\/li>\n \t<li data-mce-fragment=\"1\" data-sanitized-data-mce-fragment=\"1\"><strong data-mce-fragment=\"1\" data-sanitized-data-mce-fragment=\"1\">\u00dct\u00fcleme ve Saklama<\/strong><br data-mce-fragment=\"1\" data-sanitized-data-mce-fragment=\"1\">Sadece orta \u0131s\u0131da \u00fct\u00fcleyin. Saklamadan \u00f6nce e\u015fyalar\u0131n tamamen kuru oldu\u011fundan emin olun. <\/li>\n<\/ol>\n<p data-mce-fragment=\"1\" data-sanitized-data-mce-fragment=\"1\"><strong data-mce-fragment=\"1\" data-sanitized-data-mce-fragment=\"1\">Y\u0131kama Bak\u0131m K\u0131lavuzu:<\/strong><\/p>\n<img decoding=\"async\" src=\"https:\/\/mbuniforms.com.tr\/wp-content\/uploads\/2025\/01\/wash-care.png\">\t\t\t\t\t\t\t\t<\/div>\n\t\t\t\t<\/div>\n\t\t\t\t\t<\/div>\n\t\t\t\t<\/div>\n\t\t\t\t<\/div>\n\t\t","protected":false},"excerpt":{"rendered":"<p>\u00dcr\u00fcn bak\u0131m\u0131 &nbsp; Y\u0131kama Talimatlar\u0131: BEYAZ VE KIRMIZI E\u015eYALAR \u0130\u00c7\u0130N AYRI YIKAMABeyaz ve k\u0131rm\u0131z\u0131 renkli e\u015fyalar birlikte YIKANMAMALIDIR. YIKAMA SICAKLI\u011eI30\u00b0&#8217;DEN FAZLA OLMAMALI Su s\u0131cakl\u0131\u011f\u0131 30\u00b0&#8217;den fazla OLMAMALIDIR. \u00c7ama\u015f\u0131r Deterjan\u0131En iyi sonu\u00e7 i\u00e7in orta tozlu veya s\u0131v\u0131 deterjan kullan\u0131n. Lekeler i\u00e7in \u00e7ocuklar i\u00e7in leke \u00e7\u0131kar\u0131c\u0131 deterjan kullan\u0131n. A\u011fartmaKlorlu a\u011fart\u0131c\u0131 KULLANMAYIN. Y\u0131kama sonras\u0131 kurutmaM\u00fcmk\u00fcn oldu\u011funca \u00e7ama\u015f\u0131r kurutma [&hellip;]<\/p>\n","protected":false},"author":1,"featured_media":0,"parent":0,"menu_order":0,"comment_status":"closed","ping_status":"closed","template":"","meta":{"_acf_changed":false,"footnotes":""},"class_list":["post-19381","page","type-page","status-publish","hentry"],"acf":[],"_links":{"self":[{"href":"https:\/\/mbuniforms.com.tr\/tr\/wp-json\/wp\/v2\/pages\/19381","targetHints":{"allow":["GET"]}}],"collection":[{"href":"https:\/\/mbuniforms.com.tr\/tr\/wp-json\/wp\/v2\/pages"}],"about":[{"href":"https:\/\/mbuniforms.com.tr\/tr\/wp-json\/wp\/v2\/types\/page"}],"author":[{"embeddable":true,"href":"https:\/\/mbuniforms.com.tr\/tr\/wp-json\/wp\/v2\/users\/1"}],"replies":[{"embeddable":true,"href":"https:\/\/mbuniforms.com.tr\/tr\/wp-json\/wp\/v2\/comments?post=19381"}],"version-history":[{"count":3,"href":"https:\/\/mbuniforms.com.tr\/tr\/wp-json\/wp\/v2\/pages\/19381\/revisions"}],"predecessor-version":[{"id":20218,"href":"https:\/\/mbuniforms.com.tr\/tr\/wp-json\/wp\/v2\/pages\/19381\/revisions\/20218"}],"wp:attachment":[{"href":"https:\/\/mbuniforms.com.tr\/tr\/wp-json\/wp\/v2\/media?parent=19381"}],"curies":[{"name":"wp","href":"https:\/\/api.w.org\/{rel}","templated":true}]}}