{"id":19374,"date":"2025-08-23T08:46:01","date_gmt":"2025-08-23T05:46:01","guid":{"rendered":"https:\/\/mbuniforms.com.tr\/why-we-wear-maple-bear-tr\/"},"modified":"2025-08-25T08:10:26","modified_gmt":"2025-08-25T05:10:26","slug":"why-we-wear-maple-bear-tr","status":"publish","type":"page","link":"https:\/\/mbuniforms.com.tr\/tr\/why-we-wear-maple-bear-tr\/","title":{"rendered":"Maple Bear&#8217;da \u00dcniforma Giymemizin 6 Nedeni"},"content":{"rendered":"\t\t<div data-elementor-type=\"wp-page\" data-elementor-id=\"19374\" class=\"elementor elementor-19374 elementor-311\" data-elementor-post-type=\"page\">\n\t\t\t\t<div class=\"elementor-element elementor-element-c1e8937 e-flex e-con-boxed e-con e-parent\" data-id=\"c1e8937\" data-element_type=\"container\" data-e-type=\"container\">\n\t\t\t\t\t<div class=\"e-con-inner\">\n\t\t<div class=\"elementor-element elementor-element-8577c30 e-con-full e-flex e-con e-child\" data-id=\"8577c30\" data-element_type=\"container\" data-e-type=\"container\">\n\t\t\t\t<div class=\"elementor-element elementor-element-b71103e elementor-widget elementor-widget-heading\" data-id=\"b71103e\" data-element_type=\"widget\" data-e-type=\"widget\" data-widget_type=\"heading.default\">\n\t\t\t\t<div class=\"elementor-widget-container\">\n\t\t\t\t\t<h1 class=\"elementor-heading-title elementor-size-default\">Maple Bear'da \u00dcniforma Giymemizin 6 Nedeni<\/h1>\t\t\t\t<\/div>\n\t\t\t\t<\/div>\n\t\t\t\t<div class=\"elementor-element elementor-element-6bd32ec elementor-widget elementor-widget-text-editor\" data-id=\"6bd32ec\" data-element_type=\"widget\" data-e-type=\"widget\" data-widget_type=\"text-editor.default\">\n\t\t\t\t<div class=\"elementor-widget-container\">\n\t\t\t\t\t\t\t\t\t<ol>\n<li><strong>Aidiyet<\/strong>: \u00dcniformalar, bir toplulu\u011fa aidiyet hissini art\u0131r\u0131r ve Maple Bear okul ruhunu ve gururunu geli\u015ftirmeye yard\u0131mc\u0131 olur.<\/li>\n<li><strong>E\u015fitlik<\/strong>: \u00dcniforma giymek, \u00f6\u011frenciler aras\u0131ndaki ekonomik, sosyal veya k\u00fclt\u00fcrel farkl\u0131l\u0131klar\u0131n g\u00f6r\u00fcn\u00fcrl\u00fc\u011f\u00fcn\u00fc azaltman\u0131n bir yoludur.<\/li>\n<li><strong>G\u00fcnl\u00fck Rutin<\/strong>: \u00dcniformalar, ebeveynler ve \u00e7ocuklar i\u00e7in g\u00fcnl\u00fck rutini kolayla\u015ft\u0131r\u0131r. Maple Bear \u00fcniformalar\u0131, y\u00fcksek kaliteli pamuklu malzemeler ve \u00e7ocuk g\u00fcvenli\u011fine uygun tekstillerle \u00fcretilir. Kalite kontrol\u00fc, devam eden sertifikasyon ve yerinde denetimlerle sa\u011flan\u0131r.<\/li>\n<li><strong>G\u00fcvenlik<\/strong>: \u00dcniformalar, g\u00fcnl\u00fck geziler veya merkez d\u0131\u015f\u0131ndaki etkinlikler s\u0131ras\u0131nda \u00e7ocuklar\u0131n g\u00fcvenli\u011fini sa\u011flamak i\u00e7in \u00f6\u011frenci g\u00f6r\u00fcn\u00fcrl\u00fc\u011f\u00fcn\u00fc art\u0131r\u0131r. Ayr\u0131ca, okul arazisinde bulunmamas\u0131 gereken ki\u015fileri tan\u0131mlamay\u0131 \u00e7ok daha kolay hale getirir. Maple Bear merkezlerinde g\u00fcvenlik bir numaral\u0131 \u00f6nceliktir.<\/li>\n<li><strong>Odaklanma<\/strong>: \u00dcniformalar, Maple Bear e\u011fitim merkezinde \u00e7ocuklar\u0131n g\u00fcnl\u00fck odaklanmas\u0131n\u0131 te\u015fvik eder ve yarat\u0131c\u0131l\u0131\u011f\u0131n t\u00fcketimcilikten de\u011fil, e\u011fitimle ilgili se\u00e7imlerden gelmesini sa\u011flar.<\/li>\n<li><strong>E\u011fitim Rutini<\/strong>: \u00dcniformalar, \u00e7ocuklar\u0131n evden anaokuluna\/okula ge\u00e7i\u015fini zihinsel olarak kolayla\u015ft\u0131rarak g\u00fcnl\u00fck rutinlerini basitle\u015ftirir.<\/li>\n<\/ol>\n\t\t\t\t\t\t\t\t<\/div>\n\t\t\t\t<\/div>\n\t\t\t\t<\/div>\n\t\t<div class=\"elementor-element elementor-element-27a92ab e-con-full e-flex e-con e-child\" data-id=\"27a92ab\" data-element_type=\"container\" data-e-type=\"container\">\n\t\t\t\t<div class=\"elementor-element elementor-element-5e296cf elementor-widget elementor-widget-image\" data-id=\"5e296cf\" data-element_type=\"widget\" data-e-type=\"widget\" data-widget_type=\"image.default\">\n\t\t\t\t<div class=\"elementor-widget-container\">\n\t\t\t\t\t\t\t\t\t\t\t\t\t\t\t<img fetchpriority=\"high\" decoding=\"async\" width=\"2244\" height=\"3011\" src=\"https:\/\/mbuniforms.com.tr\/wp-content\/uploads\/2025\/01\/Hiding.png\" class=\"attachment-full size-full wp-image-19375\" alt=\"\" srcset=\"https:\/\/mbuniforms.com.tr\/wp-content\/uploads\/2025\/01\/Hiding.png 2244w, https:\/\/mbuniforms.com.tr\/wp-content\/uploads\/2025\/01\/Hiding-1000x1342.png 1000w, https:\/\/mbuniforms.com.tr\/wp-content\/uploads\/2025\/01\/Hiding-224x300.png 224w, https:\/\/mbuniforms.com.tr\/wp-content\/uploads\/2025\/01\/Hiding-763x1024.png 763w, https:\/\/mbuniforms.com.tr\/wp-content\/uploads\/2025\/01\/Hiding-768x1031.png 768w, https:\/\/mbuniforms.com.tr\/wp-content\/uploads\/2025\/01\/Hiding-1145x1536.png 1145w, https:\/\/mbuniforms.com.tr\/wp-content\/uploads\/2025\/01\/Hiding-1526x2048.png 1526w\" sizes=\"(max-width: 2244px) 100vw, 2244px\" \/>\t\t\t\t\t\t\t\t\t\t\t\t\t\t\t<\/div>\n\t\t\t\t<\/div>\n\t\t\t\t<\/div>\n\t\t\t\t\t<\/div>\n\t\t\t\t<\/div>\n\t\t\t\t<\/div>\n\t\t","protected":false},"excerpt":{"rendered":"<p>Maple Bear&#8217;da \u00dcniforma Giymemizin 6 Nedeni Aidiyet: \u00dcniformalar, bir toplulu\u011fa aidiyet hissini art\u0131r\u0131r ve Maple Bear okul ruhunu ve gururunu geli\u015ftirmeye yard\u0131mc\u0131 olur. E\u015fitlik: \u00dcniforma giymek, \u00f6\u011frenciler aras\u0131ndaki ekonomik, sosyal veya k\u00fclt\u00fcrel farkl\u0131l\u0131klar\u0131n g\u00f6r\u00fcn\u00fcrl\u00fc\u011f\u00fcn\u00fc azaltman\u0131n bir yoludur. G\u00fcnl\u00fck Rutin: \u00dcniformalar, ebeveynler ve \u00e7ocuklar i\u00e7in g\u00fcnl\u00fck rutini kolayla\u015ft\u0131r\u0131r. Maple Bear \u00fcniformalar\u0131, y\u00fcksek kaliteli pamuklu malzemeler ve [&hellip;]<\/p>\n","protected":false},"author":1,"featured_media":0,"parent":0,"menu_order":0,"comment_status":"closed","ping_status":"closed","template":"","meta":{"_acf_changed":false,"footnotes":""},"class_list":["post-19374","page","type-page","status-publish","hentry"],"acf":[],"_links":{"self":[{"href":"https:\/\/mbuniforms.com.tr\/tr\/wp-json\/wp\/v2\/pages\/19374","targetHints":{"allow":["GET"]}}],"collection":[{"href":"https:\/\/mbuniforms.com.tr\/tr\/wp-json\/wp\/v2\/pages"}],"about":[{"href":"https:\/\/mbuniforms.com.tr\/tr\/wp-json\/wp\/v2\/types\/page"}],"author":[{"embeddable":true,"href":"https:\/\/mbuniforms.com.tr\/tr\/wp-json\/wp\/v2\/users\/1"}],"replies":[{"embeddable":true,"href":"https:\/\/mbuniforms.com.tr\/tr\/wp-json\/wp\/v2\/comments?post=19374"}],"version-history":[{"count":5,"href":"https:\/\/mbuniforms.com.tr\/tr\/wp-json\/wp\/v2\/pages\/19374\/revisions"}],"predecessor-version":[{"id":19380,"href":"https:\/\/mbuniforms.com.tr\/tr\/wp-json\/wp\/v2\/pages\/19374\/revisions\/19380"}],"wp:attachment":[{"href":"https:\/\/mbuniforms.com.tr\/tr\/wp-json\/wp\/v2\/media?parent=19374"}],"curies":[{"name":"wp","href":"https:\/\/api.w.org\/{rel}","templated":true}]}}